{"id":4181,"date":"2024-12-02T14:32:23","date_gmt":"2024-12-02T12:32:23","guid":{"rendered":"https:\/\/visu24.com\/?page_id=4181"},"modified":"2025-02-21T14:27:18","modified_gmt":"2025-02-21T12:27:18","slug":"villkor","status":"publish","type":"page","link":"https:\/\/visu24.com\/sv\/ehdot\/","title":{"rendered":"Villkor"},"content":{"rendered":"<h2 class=\"wp-block-heading\">1. Allm\u00e4nt<\/h2>\n\n\n\n<p>1.1 Dessa allm\u00e4nna anv\u00e4ndarvillkor (h\u00e4danefter kallade &quot;Villkoren&quot;) g\u00e4ller f\u00f6r anv\u00e4ndningen av tj\u00e4nsten (&quot;Tj\u00e4nsten&quot;) som tillhandah\u00e5lls av Oy Visu24 Ltd (h\u00e4danefter kallad &quot;Tj\u00e4nsteleverant\u00f6ren&quot;). Tj\u00e4nsten kan innefatta en 3D-visualisering, digital rendering, virtuell rundtur, dr\u00f6narfotografering, 360-bild, animation, 2D- eller 3D-planl\u00f6sningar eller annan visuell produkt som listas p\u00e5 Tj\u00e4nsteleverant\u00f6rens webbplats f\u00f6r kundens (nedan kallad &quot;Kund&quot;) byggarbetsplats eller annan objekt. Kunden och Tj\u00e4nsteleverant\u00f6ren kommer \u00f6verens om inneh\u00e5llet i Tj\u00e4nsten mer i detalj tillsammans med varje best\u00e4llning.<\/p>\n\n\n\n<p>1.2 Kunden f\u00f6rbinder sig att f\u00f6lja dessa Villkor genom att best\u00e4lla Tj\u00e4nsten fr\u00e5n Tj\u00e4nsteleverant\u00f6ren.<\/p>\n\n\n\n<h2 class=\"wp-block-heading\">2. Best\u00e4llning och leverans av tj\u00e4nsten<\/h2>\n\n\n\n<p>2.1. Dessa Allm\u00e4nna Villkor tr\u00e4der i kraft n\u00e4r Kunden per e-post eller telefon har uttryckt sin vilja att best\u00e4lla Tj\u00e4nsten fr\u00e5n Tj\u00e4nsteleverant\u00f6ren i samband med ett erbjudande som har skickats till Kunden fr\u00e5n Tj\u00e4nsten, d\u00e4r erbjudandet inneh\u00e5ller en l\u00e4nk till dessa Servicevillkor.<\/p>\n\n\n\n<p>2.2. F\u00f6r att uttrycka ett k\u00f6pbeslut r\u00e4cker det att Kunden har uttryckt att han vill best\u00e4lla Tj\u00e4nsten fr\u00e5n Tj\u00e4nsteleverant\u00f6ren, samt fortsatt mejlkonversationen med Tj\u00e4nsteleverant\u00f6rens representant ang\u00e5ende e-postkedjan avseende leverans av Tj\u00e4nsten, f\u00f6r att som dessa villkor \u00e4r kopplade till, och Kunden har inte tydligt uttryckt att han inte har f\u00f6r avsikt att best\u00e4lla Tj\u00e4nsten fr\u00e5n Tj\u00e4nsteleverant\u00f6ren.<\/p>\n\n\n\n<p>2.3. En best\u00e4llning av Tj\u00e4nsten gjord per telefon tolkas ocks\u00e5 som ett uttryck f\u00f6r k\u00f6pbeslutet, d\u00e5 det inte n\u00f6dv\u00e4ndigtvis finns n\u00e5got kvar av best\u00e4llningen annat \u00e4n en anteckning i samtalsloggen. Om kunden i detta fall forts\u00e4tter e-postkonversationen med Tj\u00e4nsteleverant\u00f6ren i meddelandetr\u00e5den som dessa villkor \u00e4r kopplade till, anses Kunden k\u00e4nna till villkoren f\u00f6r Tj\u00e4nsten och ha f\u00f6rbundit sig till dem.<\/p>\n\n\n\n<p>2.4. Anv\u00e4ndning av tj\u00e4nsten kr\u00e4ver att kunden tillhandah\u00e5ller den information som efterfr\u00e5gas av tj\u00e4nsten, s\u00e5som den initiala information som beh\u00f6vs f\u00f6r att implementera tj\u00e4nsten, samt faktureringsinformation eller annan information.<\/p>\n\n\n\n<p>2.5. Faktureringsinformation som finns offentligt p\u00e5 internet anv\u00e4nds som faktureringsinformation, om inte Kunden har angett annat och det unika namnet p\u00e5 projektet som finns i Tj\u00e4nstens k\u00e4llmaterial eller det projektnamn som anv\u00e4nds i Kundens kommunikation anv\u00e4nds som faktureringsreferens. .<\/p>\n\n\n\n<p>2.6. Det \u00e4r viktigt f\u00f6r tj\u00e4nsteleverant\u00f6ren att informationen \u00e4r korrekt och korrekt. Om denna information \u00e4ndras m\u00e5ste Kunden utan dr\u00f6jsm\u00e5l meddela Tj\u00e4nsteleverant\u00f6ren den \u00e4ndrade informationen.<\/p>\n\n\n\n<p>2.7. Kunden f\u00f6rst\u00e5r att \u00e4ndring av k\u00e4llmaterial som beh\u00f6vs f\u00f6r att producera Tj\u00e4nsten efter att produktionen av Tj\u00e4nsten redan har startat kan orsaka extra kostnader.<\/p>\n\n\n\n<p>2.8.  Tj\u00e4nsteleverant\u00f6ren kan komma att \u00e4ndra dessa Villkor fr\u00e5n tid till annan, och den aktuella versionen kan hittas p\u00e5 Tj\u00e4nsteleverant\u00f6rens webbplats.<\/p>\n\n\n\n<p>2.9. Genom att anv\u00e4nda Tj\u00e4nsten accepterar Kunden de Villkor som g\u00e4ller vid tidpunkten f\u00f6r best\u00e4llning av Tj\u00e4nsten.<\/p>\n\n\n\n<p>2.10. Om Kunden anv\u00e4nder Tj\u00e4nsten p\u00e5 uppdrag av en organisation, godk\u00e4nner han dessa Villkor p\u00e5 uppdrag av den organisationen och f\u00f6rs\u00e4krar att Kunden har r\u00e4tt att g\u00f6ra organisationen till avtalspart. Tj\u00e4nsten kan endast anv\u00e4ndas av en vuxen, juridiskt kompetent och i enlighet med dessa Villkor.&nbsp;<\/p>\n\n\n\n<p>2.11. Om Kunden representerar en individ m\u00e5ste Tj\u00e4nsteleverant\u00f6ren f\u00f6rses med ett personnummer f\u00f6r att kunna \u00f6ppna ett faktureringskonto.<\/p>\n\n\n\n<p>2.12. Tj\u00e4nsteleverant\u00f6ren str\u00e4var efter att h\u00e5lla Tj\u00e4nsten kontinuerligt tillg\u00e4nglig, men kan avbryta tillhandah\u00e5llandet av Tj\u00e4nsten eller \u00e4ndra inneh\u00e5llet i Tj\u00e4nsten n\u00e4rhelst det anses n\u00f6dv\u00e4ndigt.<\/p>\n\n\n\n<p>2.13. Tj\u00e4nsten levereras i enlighet med det arbetsschema som n\u00e4mns i samband med erbjudandet. Leveranstidsuppskattningar \u00e4r uppskattningar och binder inte Tj\u00e4nsteleverant\u00f6ren. Tj\u00e4nsteleverant\u00f6ren \u00e5tar sig att g\u00f6ra sitt b\u00e4sta f\u00f6r att n\u00e5 utlovade ber\u00e4knade leveranstider.<\/p>\n\n\n\n<h2 class=\"wp-block-heading\">3. Aktivering av faktureringsr\u00e4tt<\/h2>\n\n\n\n<p>3.1. Tj\u00e4nsteleverant\u00f6ren har r\u00e4tt att fakturera Kunden f\u00f6r Tj\u00e4nsten efter att ha bekr\u00e4ftat best\u00e4llningen, med till\u00e4mpning av f\u00f6ljande regler.<\/p>\n\n\n\n<ul class=\"wp-block-list\">\n<li>Tj\u00e4nsteleverant\u00f6ren fakturerar best\u00e4llningen i antingen en, tv\u00e5 eller tre delbetalningar, beroende p\u00e5 best\u00e4llningens storlek.  Normala best\u00e4llningar med ett v\u00e4rde av &lt;\u20ac2000 (moms0) faktureras i en delbetalning. Best\u00e4llningar st\u00f6rre \u00e4n detta kan faktureras antingen i en, tv\u00e5 eller tre delbetalningar.<\/li>\n\n\n\n<li>Vid stora best\u00e4llningar uppfylls faktureringsunderlaget efter f\u00e4rdigst\u00e4llandegrad, t.ex. En best\u00e4llning p\u00e5 6 000 \u20ac kan faktureras i tre delbetalningar: 2 000 \u20ac n\u00e4r beredskapsniv\u00e5n f\u00f6r Tj\u00e4nsten \u00e4r 33% (gr\u00e5 utskrifter har levererats), 2 000 \u20ac n\u00e4r beredskapsniv\u00e5n \u00e4r 66% (f\u00e4rgutskrifter har levererats) och de \u00e5terst\u00e5ende 2 000 \u20ac n\u00e4r beredskapsniv\u00e5n \u00e4r 90-100% (2 omg\u00e5ngar med kommentarer har implementerats f\u00f6r f\u00e4rgutskrifter).<\/li>\n\n\n\n<li>Tj\u00e4nsteleverant\u00f6ren kan i s\u00e4rskilda fall fakturera en del av Tj\u00e4nstens pris i f\u00f6rskott, om detta \u00e4r s\u00e4rskilt \u00f6verenskommet, t.ex. via e-post.<\/li>\n\n\n\n<li>Betalningstiden \u00e4r 7 dagar netto, om inte annat avtalats.<\/li>\n\n\n\n<li>Den normala dr\u00f6jsm\u00e5lsr\u00e4ntan 8% anv\u00e4nds. Om en faktura som h\u00e4rr\u00f6r fr\u00e5n Tj\u00e4nsten inte betalas inom 14 dagar fr\u00e5n f\u00f6rfallodagen, kommer fakturan att \u00f6verf\u00f6ras till inkassobyr\u00e5 f\u00f6r inkasso.<\/li>\n<\/ul>\n\n\n\n<p>3.2.  Faktureringsvillkoret f\u00f6r 100% \u00e4r uppfyllt n\u00e4r Tj\u00e4nsten har levererats f\u00f6r 90-100% (t.ex. vid 3D-visualiseringar har tv\u00e5 omg\u00e5ngar kommentarer p\u00e5 f\u00e4rgbilder gjorts och bilderna v\u00e4ntar p\u00e5 slutlig bekr\u00e4ftelse fr\u00e5n kunden).<\/p>\n\n\n\n<ul class=\"wp-block-list\">\n<li>Faktureringsunderlaget enligt projektets f\u00e4rdigst\u00e4llandegrad ska anv\u00e4ndas n\u00e4r Kunden inte skickar in nya \u00f6nskem\u00e5l om r\u00e4ttelse av Tj\u00e4nstens material via e-post eller telefon inom 7 dagar efter att Tj\u00e4nsten levererats.\n<ul class=\"wp-block-list\">\n<li>Om kunden vill skjuta upp implementeringen av den redan p\u00e5b\u00f6rjade Tj\u00e4nsten, och arbetet redan har p\u00e5b\u00f6rjats, kan Tj\u00e4nsteleverant\u00f6ren fakturera den del av arbetet som utf\u00f6rts efter f\u00e4rdigst\u00e4llandegrad.<\/li>\n<\/ul>\n<\/li>\n<\/ul>\n\n\n\n<p>3.3. Om en person eller enhet best\u00e4ller Tj\u00e4nsten som representant f\u00f6r ett annat f\u00f6retag eller kund, och om den tredje parten senare inte betalar fakturan som h\u00e4rr\u00f6r fr\u00e5n Tj\u00e4nsten, anses den part som faktiskt best\u00e4llt Tj\u00e4nsten vara Abonnenten och r\u00e4tten att fakturera tilldelas denna part. <\/p>\n\n\n\n<h2 class=\"wp-block-heading\">4. R\u00e4tten att anv\u00e4nda det material som kunden tillhandah\u00e5ller &nbsp;<\/h2>\n\n\n\n<p>4.1. F\u00f6r att Tj\u00e4nsteleverant\u00f6ren ska kunna erbjuda Tj\u00e4nster av h\u00f6g kvalitet till sina Kunder, ger Kunden Tj\u00e4nsteleverant\u00f6ren full r\u00e4tt att anv\u00e4nda Kundens Material i produktionen av Tj\u00e4nsten.<\/p>\n\n\n\n<h2 class=\"wp-block-heading\">5. R\u00e4tt att anv\u00e4nda det material som tagits fram f\u00f6r kunden<\/h2>\n\n\n\n<p>5.1. \u00c4gander\u00e4tt till det material som produceras av Tj\u00e4nsteleverant\u00f6ren uppst\u00e5r f\u00f6r Kunden efter att Tj\u00e4nsten har betalats i 100% enligt betalningsvillkoren. Tj\u00e4nsteleverant\u00f6ren f\u00f6rbeh\u00e5ller sig r\u00e4tten att anv\u00e4nda material som skapats under Tj\u00e4nsten.<\/p>\n\n\n\n<p>5.2. Tj\u00e4nsteleverant\u00f6ren har r\u00e4tt att anv\u00e4nda Kundens logotyp och namn, samt material som tagits fram genom Tj\u00e4nsten, som referens, om inte Kunden uttryckligen f\u00f6rbjuder anv\u00e4ndningen av referensen genom att skriftligen meddela Tj\u00e4nsteleverant\u00f6ren.<\/p>\n\n\n\n<h2 class=\"wp-block-heading\">6. Anv\u00e4ndning av material utan \u00e4gander\u00e4tt<\/h2>\n\n\n\n<p>6.1. Kunden har inte r\u00e4tt att anv\u00e4nda det material som produceras av Tj\u00e4nsteleverant\u00f6ren f\u00f6rr\u00e4n materialet har betalats i enlighet med betalningsvillkoren.<\/p>\n\n\n\n<p>6.2. Om materialet anv\u00e4nds utan tillst\u00e5nd har Tj\u00e4nsteleverant\u00f6ren r\u00e4tt att beg\u00e4ra ers\u00e4ttning f\u00f6r otill\u00e5ten anv\u00e4ndning av materialet samt att fakturera det belopp som f\u00f6reskrivs f\u00f6r avtalsbrott.<\/p>\n\n\n\n<h2 class=\"wp-block-heading\">7. Kontraktsbrott<\/h2>\n\n\n\n<p>Kunden \u00e5tar sig att betala Tj\u00e4nsteleverant\u00f6ren \u20ac500 som ett avtalsbrott, om han bryter mot n\u00e5gra av villkoren i detta avtal.<\/p>\n\n\n\n<h2 class=\"wp-block-heading\">8. F\u00f6rs\u00e4kring och ers\u00e4ttningsskyldighet<\/h2>\n\n\n\n<p>8.1. Kunden garanterar att (a) den har alla n\u00f6dv\u00e4ndiga r\u00e4ttigheter att anv\u00e4nda, anv\u00e4nda och distribuera Kundmaterialet till Tj\u00e4nsteleverant\u00f6ren och i enlighet med dessa Allm\u00e4nna Villkor och (b) Kundmaterialet inte g\u00f6r intr\u00e5ng i n\u00e5gon tredje parts r\u00e4ttigheter.<\/p>\n\n\n\n<p>8.2. Kunden ansvarar f\u00f6r alla kostnader och anspr\u00e5k och krav som st\u00e4lls till Tj\u00e4nsteleverant\u00f6ren eller dess koncernbolag, som direkt eller indirekt f\u00f6ljer av Kundens Material eller Kundens brott mot dessa Villkor. Tj\u00e4nsteleverant\u00f6ren har r\u00e4tt att f\u00f6rsvara sig mot ovann\u00e4mnda anspr\u00e5k om han s\u00e5 \u00f6nskar.<\/p>\n\n\n\n<p>8.3. Om Kunden g\u00f6r \u00e4ndringar i Tj\u00e4nsteleverant\u00f6rens material \u00e4r Kunden ansvarig f\u00f6r de \u00e4ndringar som g\u00f6rs.<\/p>\n\n\n\n<h2 class=\"wp-block-heading\">9. Ansvarsbegr\u00e4nsning<\/h2>\n\n\n\n<p>9.1. Kunden anv\u00e4nder Tj\u00e4nsten p\u00e5 egen risk, Tj\u00e4nsten levereras i befintligt skick och Tj\u00e4nsteleverant\u00f6ren l\u00e4mnar inga garantier avseende Tj\u00e4nsten, resultatet av Tj\u00e4nsten, icke-intr\u00e5ng i tredje parts r\u00e4ttigheter eller n\u00e5got annat.<\/p>\n\n\n\n<p>9.2. Tj\u00e4nsteleverant\u00f6ren \u00e4r inte ansvarig gentemot Kunden f\u00f6r direkta eller indirekta skador om Kunden skulle anses ansvarig p\u00e5 grund av lagen, t.ex. f\u00f6r spridning av felaktig information, eller om en tredje part st\u00e4mmer Kunden f\u00f6r publicering av material som tagits fram genom Tj\u00e4nsten.<\/p>\n\n\n\n<p>9.3. Tj\u00e4nsteleverant\u00f6rens maximala ansvar gentemot Kunden \u00e4r femtio euro.<\/p>\n\n\n\n<h2 class=\"wp-block-heading\">10. Force majeure<\/h2>\n\n\n\n<p>Tj\u00e4nsteleverant\u00f6ren har r\u00e4tt att skjuta upp leveransdatum eller h\u00e4va avtalet eller \u00e4ndra Tj\u00e4nsten utan att \u00e5dra sig sanktioner f\u00f6r Tj\u00e4nsteleverant\u00f6ren, om denne har varit f\u00f6rhindrad att bedriva sin verksamhet av en anledning som den inte haft anledning att ta h\u00e4nsyn till vid ing\u00e5endet avtalet och som \u00e4r oberoende av det. En s\u00e5dan h\u00e4ndelse kan till exempel vara krig, uppror, inre oroligheter, f\u00f6rverkande eller f\u00f6rverkande av en myndighet f\u00f6r allm\u00e4nt behov, import- eller exportf\u00f6rbud, naturkatastrof, avbrott i kollektivtrafiken eller energidistribution, leverant\u00f6rsf\u00f6rseningar, arbetskonflikt eller brand , eller annan lika betydande orsak utanf\u00f6r Tj\u00e4nsteleverant\u00f6rens kontroll .<\/p>\n\n\n\n<h2 class=\"wp-block-heading\">11. \u00d6verf\u00f6ring<\/h2>\n\n\n\n<p>11.1. Kunden kan inte \u00f6verf\u00f6ra dessa Villkor eller avtalet mellan parterna utan f\u00f6reg\u00e5ende skriftligt medgivande fr\u00e5n Tj\u00e4nsteleverant\u00f6ren. Tj\u00e4nsteleverant\u00f6ren kan \u00f6verf\u00f6ra Villkoren och avtalet mellan parterna till en tredje part.<\/p>\n\n\n\n<p>11.2. Det faktum att en part till dessa villkor inte ut\u00f6var sin r\u00e4tt enligt dessa villkor begr\u00e4nsar inte r\u00e4tten f\u00f6r parten att \u00e5beropa den eller andra r\u00e4ttigheter i liknande fall senare.<\/p>\n\n\n\n<h2 class=\"wp-block-heading\">12. Giltighet<\/h2>\n\n\n\n<p>Dessa anv\u00e4ndarvillkor \u00e4r giltiga fr\u00e5n b\u00f6rjan av avtalsf\u00f6rh\u00e5llandet (n\u00e4r best\u00e4llningen bekr\u00e4ftas.) Villkoren g\u00e4ller s\u00e5 l\u00e4nge Tj\u00e4nsten anv\u00e4nds.<\/p>\n\n\n\n<h2 class=\"wp-block-heading\">13. Till\u00e4mplig lag och tvistl\u00f6sning<\/h2>\n\n\n\n<p>Dessa villkor och avtalet mellan parterna regleras av finsk lag, exklusive dess lagvalsbest\u00e4mmelser. Alla tvister som h\u00e4rr\u00f6r fr\u00e5n dessa villkor eller avtalet mellan parterna ska slutligt l\u00f6sas genom skiljedom i enlighet med reglerna f\u00f6r skiljen\u00e4mnden f\u00f6r Centralhandelskammaren, best\u00e5ende av en enda skiljeman. Platsen f\u00f6r skiljef\u00f6rfarandet ska vara Helsingfors och r\u00e4tteg\u00e5ngsspr\u00e5ket ska vara finska, eller om den andra parten inte \u00e4r ett finskt f\u00f6retag ska f\u00f6rfarandespr\u00e5ket vara engelska. Skiljemannens dom ska vara slutgiltig, bindande f\u00f6r b\u00e5da parter och verkst\u00e4llas av alla beh\u00f6riga domstolar. Parten har r\u00e4tt att ans\u00f6ka om en tillf\u00e4llig skydds\u00e5tg\u00e4rd.\u00a0<\/p>\n\n\n\n<p><strong>\u00c4ndringshistorik:<\/strong><\/p>\n\n\n\n<p>21 februari 2025 \u2013 tillagd punkt 3.3.<\/p>","protected":false},"excerpt":{"rendered":"<p>1.&nbsp;Yleist\u00e4 1.1 N\u00e4m\u00e4 yleiset k\u00e4ytt\u00f6ehdot (j\u00e4ljemp\u00e4n\u00e4 \u201cEhdot\u201d) koskevat Oy Visu24 Ltd (j\u00e4ljemp\u00e4n\u00e4 \u201cPalveluntarjoaja\u201d) tarjoaman palvelun &nbsp;(\u201cPalvelu\u201d) k\u00e4ytt\u00f6\u00e4. Palvelu voi sis\u00e4lt\u00e4\u00e4 asiakkaan (j\u00e4ljemp\u00e4n\u00e4 \u201cAsiakas\u201d) rakennuskohteen, tai muun objektin 3D-visualisoinnin, digistailauksen, virtuaalikierroksen, dronekuvauksen, 360-kuvan, animaation, 2D- tai 3D-pohjakuvat tai muun visuaalisen tuotteen, joka on listattu Palveluntarjoajan nettisivuille. Asiakas ja Palveluntarjoaja sopivat Palvelun sis\u00e4ll\u00f6st\u00e4 tarkemmin yhdess\u00e4 kunkin tilauksen [&hellip;]<\/p>\n","protected":false},"author":2,"featured_media":0,"parent":0,"menu_order":0,"comment_status":"closed","ping_status":"closed","template":"","meta":{"footnotes":""},"class_list":["post-4181","page","type-page","status-publish","hentry"],"_links":{"self":[{"href":"https:\/\/visu24.com\/sv\/wp-json\/wp\/v2\/pages\/4181","targetHints":{"allow":["GET"]}}],"collection":[{"href":"https:\/\/visu24.com\/sv\/wp-json\/wp\/v2\/pages"}],"about":[{"href":"https:\/\/visu24.com\/sv\/wp-json\/wp\/v2\/types\/page"}],"author":[{"embeddable":true,"href":"https:\/\/visu24.com\/sv\/wp-json\/wp\/v2\/users\/2"}],"replies":[{"embeddable":true,"href":"https:\/\/visu24.com\/sv\/wp-json\/wp\/v2\/comments?post=4181"}],"version-history":[{"count":4,"href":"https:\/\/visu24.com\/sv\/wp-json\/wp\/v2\/pages\/4181\/revisions"}],"predecessor-version":[{"id":4519,"href":"https:\/\/visu24.com\/sv\/wp-json\/wp\/v2\/pages\/4181\/revisions\/4519"}],"wp:attachment":[{"href":"https:\/\/visu24.com\/sv\/wp-json\/wp\/v2\/media?parent=4181"}],"curies":[{"name":"wp","href":"https:\/\/api.w.org\/{rel}","templated":true}]}}