{"id":4181,"date":"2024-12-02T14:32:23","date_gmt":"2024-12-02T12:32:23","guid":{"rendered":"https:\/\/visu24.com\/?page_id=4181"},"modified":"2025-02-21T14:27:18","modified_gmt":"2025-02-21T12:27:18","slug":"warunki","status":"publish","type":"page","link":"https:\/\/visu24.com\/pl\/ehdot\/","title":{"rendered":"Warunki"},"content":{"rendered":"<h2 class=\"wp-block-heading\">1. Og\u00f3lne<\/h2>\n\n\n\n<p>1.1 Niniejsze og\u00f3lne warunki korzystania (zwane dalej \u201eWarunkami\u201d) maj\u0105 zastosowanie do korzystania z us\u0142ugi (\u201eUs\u0142uga\u201d) \u015bwiadczonej przez Oy Visu24 Ltd (zwan\u0105 dalej \u201eDostawc\u0105 Us\u0142ug\u201d). Us\u0142uga mo\u017ce obejmowa\u0107 wizualizacj\u0119 3D, renderowanie cyfrowe, wirtualn\u0105 wycieczk\u0119, zdj\u0119cia z drona, obrazy 360 stopni, animacj\u0119, plany pi\u0119ter 2D lub 3D lub inne produkty wizualne placu budowy lub innego obiektu klienta (zwanego dalej \u201eKlientem\u201d), kt\u00f3ry jest wymieniony na stronie internetowej Dostawcy Us\u0142ugi. Klient i Dostawca Us\u0142ugi uzgadniaj\u0105 szczeg\u00f3\u0142owo tre\u015b\u0107 Us\u0142ugi w ramach ka\u017cdego zam\u00f3wienia.<\/p>\n\n\n\n<p>1.2 Klient wyra\u017ca zgod\u0119 na przestrzeganie niniejszych Warunk\u00f3w poprzez zam\u00f3wienie Us\u0142ugi u Dostawcy Us\u0142ugi.<\/p>\n\n\n\n<h2 class=\"wp-block-heading\">2. Zam\u00f3wienie i realizacja us\u0142ugi<\/h2>\n\n\n\n<p>2.1. Niniejszy Regulamin wchodzi w \u017cycie z chwil\u0105 wyra\u017cenia przez Klienta woli zam\u00f3wienia Us\u0142ugi u Dostawcy Us\u0142ugi za po\u015brednictwem poczty elektronicznej lub telefonicznie w zwi\u0105zku z ofert\u0105 wys\u0142an\u0105 Klientowi przez Dostawc\u0119 Us\u0142ugi, zawieraj\u0105c\u0105 odno\u015bnik do niniejszego Regulaminu \u015bwiadczenia Us\u0142ug.<\/p>\n\n\n\n<p>2.2. Do wyra\u017cenia decyzji o zakupie wystarczy, \u017ce Klient wyrazi\u0142 ch\u0119\u0107 zam\u00f3wienia Us\u0142ugi u Dostawcy Us\u0142ugi i kontynuowa\u0142 rozmow\u0119 e-mailow\u0105 z przedstawicielem Dostawcy Us\u0142ugi dotycz\u0105c\u0105 dostarczenia Us\u0142ugi w w\u0105tku wiadomo\u015bci e-mail, do kt\u00f3rego odsy\u0142a niniejszy regulamin, a Klient nie wskaza\u0142 wyra\u017anie, \u017ce nie zamierza zamawia\u0107 Us\u0142ugi u Dostawcy Us\u0142ugi.<\/p>\n\n\n\n<p>2.3. Zam\u00f3wienie us\u0142ugi z\u0142o\u017cone telefonicznie jest r\u00f3wnie\u017c interpretowane jako wyra\u017cenie decyzji o zakupie, w takim przypadku zam\u00f3wienie nie b\u0119dzie koniecznie odnotowane czarno na bia\u0142ym, a jedynie w formie notatki w dzienniku po\u0142\u0105cze\u0144. Je\u017celi w takim przypadku Klient b\u0119dzie kontynuowa\u0142 korespondencj\u0119 e-mailow\u0105 z Dostawc\u0105 Us\u0142ugi w w\u0105tku wiadomo\u015bci, do kt\u00f3rego odsy\u0142aj\u0105 niniejsze warunki, uznaje si\u0119, \u017ce Klient zapozna\u0142 si\u0119 z Warunkami Us\u0142ugi i jest nimi zwi\u0105zany.<\/p>\n\n\n\n<p>2.4. Korzystanie z Us\u0142ugi wymaga od Klienta podania informacji wymaganych przez Us\u0142ug\u0119, takich jak pocz\u0105tkowe informacje niezb\u0119dne do wdro\u017cenia Us\u0142ugi, a tak\u017ce dane dotycz\u0105ce rozlicze\u0144 i inne informacje.<\/p>\n\n\n\n<p>2.5. Dane rozliczeniowe to publicznie dost\u0119pne informacje rozliczeniowe w Internecie, chyba \u017ce Klient wskaza\u0142 inaczej, przy czym jako odniesienie do rozlicze\u0144 stosuje si\u0119 unikatow\u0105 nazw\u0119 projektu podan\u0105 w materia\u0142ach \u017ar\u00f3d\u0142owych Us\u0142ugi lub nazw\u0119 projektu u\u017cywan\u0105 przez Klienta w komunikacji.<\/p>\n\n\n\n<p>2.6. Dla dostawcy us\u0142ug istotne jest, aby informacje by\u0142y dok\u0142adne i poprawne. Je\u017celi dane te ulegn\u0105 zmianie, Klient zobowi\u0105zany jest niezw\u0142ocznie powiadomi\u0107 Dostawc\u0119 Us\u0142ugi o zmianie danych.<\/p>\n\n\n\n<p>2.7. Klient rozumie, \u017ce zmiana materia\u0142\u00f3w \u017ar\u00f3d\u0142owych niezb\u0119dnych do wytworzenia Us\u0142ugi po rozpocz\u0119ciu jej realizacji mo\u017ce wi\u0105za\u0107 si\u0119 z dodatkowymi kosztami.<\/p>\n\n\n\n<p>2.8.  Dostawca Us\u0142ug mo\u017ce od czasu do czasu zmienia\u0107 niniejsze Warunki, a ich aktualn\u0105 wersj\u0119 mo\u017cna znale\u017a\u0107 na stronie internetowej Dostawcy Us\u0142ug.<\/p>\n\n\n\n<p>2.9. Korzystaj\u0105c z Us\u0142ugi Klient akceptuje Regulamin obowi\u0105zuj\u0105cy w chwili zam\u00f3wienia Us\u0142ugi.<\/p>\n\n\n\n<p>2.10. Je\u017celi Klient korzysta z Us\u0142ugi w imieniu organizacji, akceptuje niniejsze Warunki w imieniu tej organizacji oraz o\u015bwiadcza i gwarantuje, \u017ce ma prawo uczyni\u0107 t\u0119 organizacj\u0119 stron\u0105 umowy. Z Us\u0142ugi mog\u0105 korzysta\u0107 wy\u0142\u0105cznie osoby pe\u0142noletnie, posiadaj\u0105ce zdolno\u015b\u0107 do czynno\u015bci prawnych i zgodnie z postanowieniami niniejszego Regulaminu.&nbsp;<\/p>\n\n\n\n<p>2.11. Je\u017celi Klientem jest osoba fizyczna, w celu za\u0142o\u017cenia konta rozliczeniowego Dostawcy Us\u0142ugi nale\u017cy poda\u0107 numer PESEL.<\/p>\n\n\n\n<p>2.12. Dostawca Us\u0142ugi dok\u0142ada wszelkich stara\u0144, aby zapewni\u0107 nieprzerwan\u0105 dost\u0119pno\u015b\u0107 Us\u0142ugi, mo\u017ce jednak zawiesi\u0107 jej \u015bwiadczenie lub zmieni\u0107 jej tre\u015b\u0107 w dowolnym momencie, gdy uzna to za konieczne.<\/p>\n\n\n\n<p>2.13. Us\u0142uga b\u0119dzie \u015bwiadczona zgodnie z harmonogramem prac zawartym w ofercie. Podane terminy dostawy s\u0105 szacunkowe i nie wi\u0105\u017c\u0105 Dostawcy Us\u0142ugi. Dostawca us\u0142ug zobowi\u0105zuje si\u0119 do\u0142o\u017cy\u0107 wszelkich stara\u0144, aby dotrzyma\u0107 podanych szacunkowych termin\u00f3w dostawy.<\/p>\n\n\n\n<h2 class=\"wp-block-heading\">3. Aktywacja prawa do fakturowania<\/h2>\n\n\n\n<p>3.1. Dostawca Us\u0142ugi ma prawo wystawi\u0107 faktur\u0119 za Us\u0142ug\u0119 po potwierdzeniu zam\u00f3wienia przez Klienta, stosuj\u0105c nast\u0119puj\u0105ce zasady.<\/p>\n\n\n\n<ul class=\"wp-block-list\">\n<li>Dostawca us\u0142ug wystawia faktur\u0119 za zam\u00f3wienie w jednej, dw\u00f3ch lub trzech ratach, zale\u017cnie od wielko\u015bci zam\u00f3wienia.  Standardowe zam\u00f3wienia o warto\u015bci &lt;2000\u20ac (VAT 0) s\u0105 fakturowane w jednej racie. Zam\u00f3wienia o wi\u0119kszej warto\u015bci mog\u0105 by\u0107 fakturowane w jednej, dw\u00f3ch lub trzech ratach.<\/li>\n\n\n\n<li>W przypadku du\u017cych zam\u00f3wie\u0144 podstawa fakturowania realizowana jest wed\u0142ug stopnia realizacji, np. Zam\u00f3wienie o warto\u015bci 6000 euro mo\u017cna zafakturowa\u0107 w trzech ratach: 2000 euro, gdy poziom gotowo\u015bci us\u0142ugi wynosi 33% (dostarczono szare odbitki pr\u00f3bne), 2000 euro, gdy poziom gotowo\u015bci wynosi 66% (dostarczono kolorowe odbitki pr\u00f3bne) i pozosta\u0142e 2000 euro, gdy poziom gotowo\u015bci wynosi 90-100% (przeprowadzono 2 rundy komentarzy do kolorowych odbitek pr\u00f3bnych).<\/li>\n\n\n\n<li>W szczeg\u00f3lnych przypadkach Dostawca Us\u0142ugi mo\u017ce wystawi\u0107 faktur\u0119 za cz\u0119\u015b\u0107 ceny Us\u0142ugi z g\u00f3ry, je\u017celi zostanie to odr\u0119bnie uzgodnione, np. poprzez e-mail.<\/li>\n\n\n\n<li>Termin p\u0142atno\u015bci wynosi 7 dni netto, chyba \u017ce uzgodniono inaczej.<\/li>\n\n\n\n<li>Standardowa stopa odsetek za op\u00f3\u017anienie w p\u0142atno\u015bciach wynosi 8%. Je\u017celi faktura za Us\u0142ug\u0119 nie zostanie zap\u0142acona w terminie 14 dni od daty wymagalno\u015bci, zostanie ona przekazana do windykacji firmie windykacyjnej.<\/li>\n<\/ul>\n\n\n\n<p>3.2.  Warunek wystawienia faktury 100% uznaje si\u0119 za spe\u0142niony, gdy Us\u0142uga zosta\u0142a dostarczona w terminie 90-100% (np. w przypadku wizualizacji 3D dokonano dw\u00f3ch rund komentarzy do obraz\u00f3w kolorowych, a obrazy oczekuj\u0105 na ostateczne potwierdzenie od Klienta).<\/p>\n\n\n\n<ul class=\"wp-block-list\">\n<li>W przypadku, gdy Klient w ci\u0105gu 7 dni od dostarczenia Us\u0142ugi nie zg\u0142osi drog\u0105 mailow\u0105 lub telefoniczn\u0105 nowych \u017c\u0105da\u0144 wprowadzenia korekt do materia\u0142\u00f3w obj\u0119tych Us\u0142ug\u0105, podstaw\u0119 rozliczenia nale\u017cy stosowa\u0107 zgodnie ze stopniem realizacji projektu.\n<ul class=\"wp-block-list\">\n<li>Je\u017celi Klient \u017cyczy sobie prze\u0142o\u017cenia realizacji Us\u0142ugi, kt\u00f3ra ju\u017c si\u0119 rozpocz\u0119\u0142a, a prace ju\u017c si\u0119 rozpocz\u0119\u0142y, Dostawca Us\u0142ugi mo\u017ce wystawi\u0107 faktur\u0119 za cz\u0119\u015b\u0107 wykonanych prac zale\u017cnie od stopnia ich uko\u0144czenia.<\/li>\n<\/ul>\n<\/li>\n<\/ul>\n\n\n\n<p>3.3. Je\u017celi osoba lub podmiot zam\u00f3wi Us\u0142ug\u0119 jako przedstawiciel innej firmy lub klienta, a ta osoba trzecia nast\u0119pnie nie zap\u0142aci faktury wynikaj\u0105cej z Us\u0142ugi, za Abonenta uwa\u017ca si\u0119 stron\u0119, kt\u00f3ra faktycznie zam\u00f3wi\u0142a Us\u0142ug\u0119, a prawo do wystawienia faktury przechodzi na t\u0119 stron\u0119. <\/p>\n\n\n\n<h2 class=\"wp-block-heading\">4. Prawo do korzystania z materia\u0142\u00f3w dostarczonych przez Klienta &nbsp;<\/h2>\n\n\n\n<p>4.1. Aby Dostawca Us\u0142ug m\u00f3g\u0142 \u015bwiadczy\u0107 swoim Klientom Us\u0142ugi najwy\u017cszej jako\u015bci, Klient udziela Dostawcy Us\u0142ug pe\u0142nego dost\u0119pu do Materia\u0142\u00f3w Klienta w trakcie realizacji Us\u0142ugi.<\/p>\n\n\n\n<h2 class=\"wp-block-heading\">5. Prawo do korzystania z materia\u0142u wyprodukowanego dla Klienta<\/h2>\n\n\n\n<p>5.1. W\u0142asno\u015b\u0107 materia\u0142u wytworzonego przez Dostawc\u0119 Us\u0142ugi powstaje dla Klienta po zap\u0142aceniu pe\u0142nej kwoty za Us\u0142ug\u0119 zgodnie z warunkami p\u0142atno\u015bci. Dostawca Us\u0142ugi zastrzega sobie prawo do wykorzystywania materia\u0142\u00f3w wytworzonych w trakcie realizacji Us\u0142ugi.<\/p>\n\n\n\n<p>5.2. Dostawca Us\u0142ug ma prawo u\u017cywa\u0107 logo i nazwy Klienta, a tak\u017ce materia\u0142\u00f3w wytworzonych za po\u015brednictwem Us\u0142ugi, jako materia\u0142\u00f3w referencyjnych, chyba \u017ce Klient wyra\u017anie zabroni u\u017cywania takich materia\u0142\u00f3w referencyjnych, powiadamiaj\u0105c o tym Dostawc\u0119 Us\u0142ug na pi\u015bmie.<\/p>\n\n\n\n<h2 class=\"wp-block-heading\">6. Korzystanie z materia\u0142\u00f3w bez praw w\u0142asno\u015bci<\/h2>\n\n\n\n<p>6.1. Klient nie ma prawa korzysta\u0107 z materia\u0142\u00f3w wytworzonych przez Dostawc\u0119 Us\u0142ugi do momentu zap\u0142aty za materia\u0142y zgodnie z warunkami p\u0142atno\u015bci.<\/p>\n\n\n\n<p>6.2. W przypadku wykorzystania Materia\u0142u bez zezwolenia, Dostawca Us\u0142ugi ma prawo dochodzi\u0107 odszkodowania za nieautoryzowane wykorzystanie Materia\u0142u, a tak\u017ce wystawi\u0107 faktur\u0119 na kwot\u0119 okre\u015blon\u0105 w umowie tytu\u0142em odszkodowania za naruszenie umowy.<\/p>\n\n\n\n<h2 class=\"wp-block-heading\">7. Naruszenie umowy<\/h2>\n\n\n\n<p>Klient zobowi\u0105zuje si\u0119 zap\u0142aci\u0107 Dostawcy Us\u0142ugi kwot\u0119 500 \u20ac z tytu\u0142u naruszenia umowy w przypadku naruszenia przez Klienta kt\u00f3regokolwiek z warunk\u00f3w niniejszej umowy.<\/p>\n\n\n\n<h2 class=\"wp-block-heading\">8. Ubezpieczenie i odpowiedzialno\u015b\u0107 odszkodowawcza<\/h2>\n\n\n\n<p>8.1. Klient o\u015bwiadcza i gwarantuje, \u017ce (a) posiada wszelkie niezb\u0119dne prawa do korzystania, eksploatacji i dystrybucji Materia\u0142\u00f3w Klienta Dostawcy Us\u0142ug zgodnie z niniejszymi Warunkami oraz (b) Materia\u0142y Klienta nie naruszaj\u0105 praw os\u00f3b trzecich.<\/p>\n\n\n\n<p>8.2. Klient ponosi odpowiedzialno\u015b\u0107 za wszelkie koszty, roszczenia i \u017c\u0105dania skierowane przeciwko Dostawcy Us\u0142ug lub jego podmiotom stowarzyszonym, wynikaj\u0105ce bezpo\u015brednio lub po\u015brednio z Materia\u0142\u00f3w Klienta lub naruszenia przez Klienta niniejszych Warunk\u00f3w. Us\u0142ugodawca ma prawo broni\u0107 si\u0119 przed wy\u017cej wymienionymi roszczeniami, je\u017celi uzna to za stosowne.<\/p>\n\n\n\n<p>8.3. Je\u017celi Klient dokona zmian w materia\u0142ach Dostawcy Us\u0142ugi, Klient ponosi odpowiedzialno\u015b\u0107 za dokonane zmiany.<\/p>\n\n\n\n<h2 class=\"wp-block-heading\">9. Ograniczenie odpowiedzialno\u015bci<\/h2>\n\n\n\n<p>9.1. Klient korzysta z Us\u0142ugi na w\u0142asne ryzyko, Us\u0142uga jest \u015bwiadczona \u201ew takiej formie, w jakiej si\u0119 znajduje\u201d, a Dostawca Us\u0142ugi nie sk\u0142ada \u017cadnych o\u015bwiadcze\u0144 ani nie udziela \u017cadnych gwarancji dotycz\u0105cych Us\u0142ugi, rezultat\u00f3w Us\u0142ugi, nienaruszania praw os\u00f3b trzecich ani innych.<\/p>\n\n\n\n<p>9.2. Dostawca Us\u0142ug nie ponosi odpowiedzialno\u015bci wobec Klienta za szkody bezpo\u015brednie lub po\u015brednie, je\u017celi Klient jest uwa\u017cany za odpowiedzialnego na mocy prawa, np. za rozpowszechnianie nieprawdziwych informacji lub w przypadku pozwu Klienta przez osob\u0119 trzeci\u0105 za publikacj\u0119 materia\u0142\u00f3w wytworzonych za po\u015brednictwem Us\u0142ugi.<\/p>\n\n\n\n<p>9.3. Maksymalna odpowiedzialno\u015b\u0107 Dostawcy Us\u0142ugi wzgl\u0119dem Klienta wynosi pi\u0119\u0107dziesi\u0105t euro.<\/p>\n\n\n\n<h2 class=\"wp-block-heading\">10. Si\u0142a wy\u017csza<\/h2>\n\n\n\n<p>Dostawca Us\u0142ug ma prawo do przesuni\u0119cia terminu dostawy lub rozwi\u0105zania umowy lub zmiany Us\u0142ugi bez ponoszenia jakichkolwiek kar przez Dostawc\u0119 Us\u0142ug, je\u017celi nie mo\u017ce on prowadzi\u0107 swojej dzia\u0142alno\u015bci z przyczyn, kt\u00f3rych nie m\u00f3g\u0142 uwzgl\u0119dni\u0107 przy zawieraniu umowy i kt\u00f3re s\u0105 od niego niezale\u017cne. Takie zdarzenie mo\u017ce obejmowa\u0107 mi\u0119dzy innymi wojn\u0119, rebeli\u0119, niepokoje wewn\u0119trzne, przymusowe zaj\u0119cie lub zaj\u0119cie przez w\u0142adze na potrzeby publiczne, zakaz importu lub eksportu, kl\u0119sk\u0119 \u017cywio\u0142ow\u0105, przerw\u0119 w transporcie publicznym lub dystrybucji energii, op\u00f3\u017anienie u dostawcy, sp\u00f3r pracowniczy lub po\u017car lub inn\u0105 r\u00f3wnie istotn\u0105 przyczyn\u0119 pozostaj\u0105c\u0105 poza kontrol\u0105 Dostawcy Us\u0142ug.<\/p>\n\n\n\n<h2 class=\"wp-block-heading\">11. Przelew<\/h2>\n\n\n\n<p>11.1. Klient nie mo\u017ce dokona\u0107 cesji niniejszych Warunk\u00f3w ani umowy pomi\u0119dzy stronami bez uprzedniej pisemnej zgody Dostawcy Us\u0142ugi. Dostawca Us\u0142ug mo\u017ce przenie\u015b\u0107 postanowienia Regulaminu oraz umow\u0119 pomi\u0119dzy stronami na osob\u0119 trzeci\u0105.<\/p>\n\n\n\n<p>11.2. Fakt, \u017ce Strona niniejszych Warunk\u00f3w nie skorzysta ze swoich praw wynikaj\u0105cych z niniejszych Warunk\u00f3w, nie ogranicza prawa tej Strony do powo\u0142ania si\u0119 na to lub jakiekolwiek inne prawo w podobnych przypadkach w p\u00f3\u017aniejszym terminie.<\/p>\n\n\n\n<h2 class=\"wp-block-heading\">12. Wa\u017cno\u015b\u0107<\/h2>\n\n\n\n<p>Niniejsze warunki \u015bwiadczenia us\u0142ug obowi\u0105zuj\u0105 od pocz\u0105tku trwania stosunku umownego (w momencie potwierdzenia zam\u00f3wienia). Warunki obowi\u0105zuj\u0105 przez ca\u0142y okres korzystania z Us\u0142ugi.<\/p>\n\n\n\n<h2 class=\"wp-block-heading\">13. Prawo w\u0142a\u015bciwe i rozstrzyganie spor\u00f3w<\/h2>\n\n\n\n<p>Niniejsze Warunki, Regulamin oraz umowa pomi\u0119dzy stronami podlegaj\u0105 prawu fi\u0144skiemu, z wy\u0142\u0105czeniem przepis\u00f3w kolizyjnych. Wszelkie spory wynikaj\u0105ce z niniejszych Warunk\u00f3w lub umowy pomi\u0119dzy stronami b\u0119d\u0105 ostatecznie rozstrzygane w drodze arbitra\u017cu zgodnie z regulaminem S\u0105du Arbitra\u017cowego Centralnej Izby Gospodarczej, sk\u0142adaj\u0105cego si\u0119 z jednego arbitra. Miejscem arbitra\u017cu b\u0119d\u0105 Helsinki, a j\u0119zykiem post\u0119powania b\u0119dzie j\u0119zyk fi\u0144ski lub, je\u017celi druga strona nie jest sp\u00f3\u0142k\u0105 fi\u0144sk\u0105, j\u0119zykiem post\u0119powania b\u0119dzie j\u0119zyk angielski. Orzeczenie wydane przez arbitra jest ostateczne, wi\u0105\u017c\u0105ce dla obu Stron i wykonalne przez ka\u017cdy s\u0105d w\u0142a\u015bciwej jurysdykcji. Strona ma prawo z\u0142o\u017cy\u0107 wniosek o zastosowanie tymczasowego \u015brodka ochronnego.\u00a0<\/p>\n\n\n\n<p><strong>Historia zmian:<\/strong><\/p>\n\n\n\n<p>21 lutego 2025 r. \u2013 dodano paragraf 3.3.<\/p>","protected":false},"excerpt":{"rendered":"<p>1.&nbsp;Yleist\u00e4 1.1 N\u00e4m\u00e4 yleiset k\u00e4ytt\u00f6ehdot (j\u00e4ljemp\u00e4n\u00e4 \u201cEhdot\u201d) koskevat Oy Visu24 Ltd (j\u00e4ljemp\u00e4n\u00e4 \u201cPalveluntarjoaja\u201d) tarjoaman palvelun &nbsp;(\u201cPalvelu\u201d) k\u00e4ytt\u00f6\u00e4. Palvelu voi sis\u00e4lt\u00e4\u00e4 asiakkaan (j\u00e4ljemp\u00e4n\u00e4 \u201cAsiakas\u201d) rakennuskohteen, tai muun objektin 3D-visualisoinnin, digistailauksen, virtuaalikierroksen, dronekuvauksen, 360-kuvan, animaation, 2D- tai 3D-pohjakuvat tai muun visuaalisen tuotteen, joka on listattu Palveluntarjoajan nettisivuille. Asiakas ja Palveluntarjoaja sopivat Palvelun sis\u00e4ll\u00f6st\u00e4 tarkemmin yhdess\u00e4 kunkin tilauksen [&hellip;]<\/p>\n","protected":false},"author":2,"featured_media":0,"parent":0,"menu_order":0,"comment_status":"closed","ping_status":"closed","template":"","meta":{"footnotes":""},"class_list":["post-4181","page","type-page","status-publish","hentry"],"_links":{"self":[{"href":"https:\/\/visu24.com\/pl\/wp-json\/wp\/v2\/pages\/4181","targetHints":{"allow":["GET"]}}],"collection":[{"href":"https:\/\/visu24.com\/pl\/wp-json\/wp\/v2\/pages"}],"about":[{"href":"https:\/\/visu24.com\/pl\/wp-json\/wp\/v2\/types\/page"}],"author":[{"embeddable":true,"href":"https:\/\/visu24.com\/pl\/wp-json\/wp\/v2\/users\/2"}],"replies":[{"embeddable":true,"href":"https:\/\/visu24.com\/pl\/wp-json\/wp\/v2\/comments?post=4181"}],"version-history":[{"count":4,"href":"https:\/\/visu24.com\/pl\/wp-json\/wp\/v2\/pages\/4181\/revisions"}],"predecessor-version":[{"id":4519,"href":"https:\/\/visu24.com\/pl\/wp-json\/wp\/v2\/pages\/4181\/revisions\/4519"}],"wp:attachment":[{"href":"https:\/\/visu24.com\/pl\/wp-json\/wp\/v2\/media?parent=4181"}],"curies":[{"name":"wp","href":"https:\/\/api.w.org\/{rel}","templated":true}]}}