{"id":4181,"date":"2024-12-02T14:32:23","date_gmt":"2024-12-02T12:32:23","guid":{"rendered":"https:\/\/visu24.com\/?page_id=4181"},"modified":"2025-02-21T14:27:18","modified_gmt":"2025-02-21T12:27:18","slug":"terminid","status":"publish","type":"page","link":"https:\/\/visu24.com\/et\/ehdot\/","title":{"rendered":"Tingimused"},"content":{"rendered":"<h2 class=\"wp-block-heading\">1. \u00dcldine<\/h2>\n\n\n\n<p>1.1 K\u00e4esolevad \u00fcldised kasutustingimused (edaspidi \u201eTingimused\u201c) kehtivad Oy Visu24 Ltd (edaspidi \u201eTeenusepakkuja\u201c) pakutava teenuse (\u201eTeenus\u201c) kasutamisele. Teenus v\u00f5ib sisaldada kliendi (edaspidi \u201eKlient\u201c) ehitusplatsi v\u00f5i muu objekti 3D-visualiseerimist, digitaalset renderdamist, virtuaaltuuri, droonifotograafiat, 360-kraadiseid pilte, animatsiooni, 2D- v\u00f5i 3D-korruseplaane v\u00f5i muud visuaalset toodet, mis on loetletud teenusepakkuja veebisaidil. Klient ja Teenusepakkuja lepivad Teenuse sisus iga tellimuse puhul t\u00e4psemalt kokku.<\/p>\n\n\n\n<p>1.2 Klient n\u00f5ustub k\u00e4esolevate tingimustega Teenusepakkujalt Teenuse tellimisega.<\/p>\n\n\n\n<h2 class=\"wp-block-heading\">2. Teenuse tellimine ja osutamine<\/h2>\n\n\n\n<p>2.1. K\u00e4esolevad Tingimused j\u00f5ustuvad, kui Klient on e-posti v\u00f5i telefoni teel avaldanud soovi tellida Teenus Teenusepakkujalt seoses Teenuse poolt Kliendile saadetud pakkumisega, mis sisaldab linki k\u00e4esolevatele Teenuse osutamise tingimustele.<\/p>\n\n\n\n<p>2.2. Ostuotsuse v\u00e4ljendamiseks piisab, kui Klient on avaldanud soovi Teenusepakkujalt Teenus tellida ning on j\u00e4tkanud Teenusepakkuja esindajaga Teenuse osutamise osas e-posti teel vestlust e-posti teel, millele need tingimused on lingitud, ning Klient ei ole selgelt n\u00e4idanud, et ta ei kavatse Teenusepakkujalt Teenust tellida.<\/p>\n\n\n\n<p>2.3. Telefoni teel esitatud teenuse tellimust t\u00f5lgendatakse samuti ostuotsuse v\u00e4ljendusena, sellisel juhul ei pruugi tellimus mustvalgelt kajastuda, v\u00e4lja arvatud m\u00e4rkus k\u00f5nelogis. Kui Klient sellisel juhul j\u00e4tkab Teenusepakkujaga e-posti teel suhtlemist s\u00f5numil\u00f5igus, millele need tingimused on lingitud, loetakse, et Klient on Teenuse osutamise tingimustest teadlik ja nendega seotud.<\/p>\n\n\n\n<p>2.4. Teenuse kasutamiseks on Kliendil vaja esitada Teenuse poolt n\u00f5utud teave, n\u00e4iteks teenuse osutamiseks vajalik algteave, samuti arveldusinfo v\u00f5i muu teave.<\/p>\n\n\n\n<p>2.5. Kasutatav arveldusinfo on internetis avalikult k\u00e4ttesaadav arveldusinfo, v\u00e4lja arvatud juhul, kui Klient on m\u00e4rkinud teisiti, ning arveldusviitena kasutatakse Teenuse allikmaterjalides leiduvat unikaalset projekti nime v\u00f5i Kliendi poolt suhtluses kasutatud projekti nime.<\/p>\n\n\n\n<p>2.6. Teenusepakkuja jaoks on oluline, et teave oleks t\u00e4pne ja \u00f5ige. Kui see teave muutub, peab Klient Teenusepakkujat muutunud teabest viivitamata teavitama.<\/p>\n\n\n\n<p>2.7. Klient m\u00f5istab, et Teenuse osutamiseks vajalike allikmaterjalide muutmine p\u00e4rast Teenuse osutamise algust v\u00f5ib kaasa tuua lisakulusid.<\/p>\n\n\n\n<p>2.8.  Teenusepakkuja v\u00f5ib neid tingimusi aeg-ajalt muuta ning ajakohase versiooni leiab Teenusepakkuja veebisaidilt.<\/p>\n\n\n\n<p>2.9. Teenuse kasutamisega n\u00f5ustub Klient Teenuse tellimise ajal kehtivate Tingimustega.<\/p>\n\n\n\n<p>2.10. Kui Klient kasutab Teenust organisatsiooni nimel, n\u00f5ustub Klient k\u00e4esolevate Tingimustega selle organisatsiooni nimel ning kinnitab ja garanteerib, et Kliendil on \u00f5igus teha organisatsioon lepingu pooleks. Teenust v\u00f5ivad kasutada ainult t\u00e4isealised ja teov\u00f5imelised isikud vastavalt k\u00e4esolevatele Tingimustele.&nbsp;<\/p>\n\n\n\n<p>2.11. Kui Klient esindab eraisikut, tuleb arvelduskonto avamiseks Teenusepakkujale esitada isikukood.<\/p>\n\n\n\n<p>2.12. Teenusepakkuja p\u00fc\u00fcab Teenust pidevalt k\u00e4ttesaadavaks teha, kuid v\u00f5ib Teenuse osutamise peatada v\u00f5i Teenuse sisu muuta alati, kui seda peetakse vajalikuks.<\/p>\n\n\n\n<p>2.13. Teenust osutatakse vastavalt pakkumises mainitud t\u00f6\u00f6graafikule. Tarneaja hinnangud on hinnangulised ja ei seo Teenusepakkujat. Teenusepakkuja kohustub tegema k\u00f5ik endast oleneva, et lubatud eeldatavatest tarneaegadest kinni pidada.<\/p>\n\n\n\n<h2 class=\"wp-block-heading\">3. Arve esitamise \u00f5iguse aktiveerimine<\/h2>\n\n\n\n<p>3.1. Teenusepakkujal on \u00f5igus esitada Teenuse eest arve p\u00e4rast Kliendi poolt tellimuse kinnitamist, kohaldades j\u00e4rgmisi reegleid.<\/p>\n\n\n\n<ul class=\"wp-block-list\">\n<li>Teenusepakkuja arveldab tellimuse kas \u00fches, kahes v\u00f5i kolmes osas, olenevalt tellimuse suurusest.  Tavatellimused v\u00e4\u00e4rtusega alla 2000 \u20ac (k\u00e4ibemaks 0) esitatakse \u00fches osas. Suuremate tellimuste puhul saab arveldada \u00fches, kahes v\u00f5i kolmes osas.<\/li>\n\n\n\n<li>Suurte tellimuste puhul t\u00e4idetakse arvelduse alus vastavalt valmidusastmele, nt. 6000 \u20ac maksva tellimuse saab arveldada kolmes osas: 2000 \u20ac, kui teenuse valmidusaste on 33% (halltr\u00fckid on kohale toimetatud), 2000 \u20ac, kui valmidusaste on 66% (v\u00e4rvitr\u00fckid on kohale toimetatud) ja \u00fclej\u00e4\u00e4nud 2000 \u20ac, kui valmidusaste on 90\u2013100% (v\u00e4rvitr\u00fckkide kohta on l\u00e4bi viidud 2 kommenteerimisvooru).<\/li>\n\n\n\n<li>Erijuhtudel v\u00f5ib Teenusepakkuja esitada osa Teenuse hinnast ettearve, kui selles on eraldi kokku lepitud, nt. e-posti teel.<\/li>\n\n\n\n<li>Makset\u00e4htaeg on 7 p\u00e4eva neto, kui ei ole kokku lepitud teisiti.<\/li>\n\n\n\n<li>Standardne viivisintressim\u00e4\u00e4r on 8%. Kui Teenusest tulenevat arvet ei tasuta 14 p\u00e4eva jooksul alates makset\u00e4htajast, antakse arve sissen\u00f5udmiseks \u00fcle inkassofirmale.<\/li>\n<\/ul>\n\n\n\n<p>3.2.  100% arveldustingimus on t\u00e4idetud, kui teenus on osutatud 90-100% (nt 3D-visualiseeringute puhul on tehtud kaks v\u00e4rviliste piltide kommentaaride vooru ja pildid ootavad kliendi l\u00f5plikku kinnitust).<\/p>\n\n\n\n<ul class=\"wp-block-list\">\n<li>Kui Klient ei esita 7 p\u00e4eva jooksul p\u00e4rast Teenuse osutamist e-posti v\u00f5i telefoni teel uusi Teenuse materjalide parandamise taotlusi, tuleb kasutada projekti valmidusastmel p\u00f5hinevat arveldusalust.\n<ul class=\"wp-block-list\">\n<li>Kui klient soovib juba alustatud Teenuse osutamist edasi l\u00fckata ja t\u00f6\u00f6dega on juba alustatud, v\u00f5ib Teenusepakkuja esitada arve tehtud t\u00f6\u00f6 osa kohta vastavalt valmidusastmele.<\/li>\n<\/ul>\n<\/li>\n<\/ul>\n\n\n\n<p>3.3. Kui f\u00fc\u00fcsiline v\u00f5i juriidiline isik tellib Teenuse teise ettev\u00f5tte v\u00f5i kliendi esindajana ja kui see kolmas isik hiljem Teenusest tulenevat arvet ei tasu, loetakse Teenuse tegelikult tellinud isik Tellijaks ja arve esitamise \u00f5igus l\u00e4heb \u00fcle sellele isikule. <\/p>\n\n\n\n<h2 class=\"wp-block-heading\">4. \u00d5igus kasutada kliendi poolt esitatud materjali &nbsp;<\/h2>\n\n\n\n<p>4.1. Selleks, et Teenusepakkuja saaks oma Klientidele kvaliteetset Teenust pakkuda, annab Klient Teenusepakkujale Teenuse tootmiseks t\u00e4ieliku juurdep\u00e4\u00e4su Kliendi Materjalile.<\/p>\n\n\n\n<h2 class=\"wp-block-heading\">5. \u00d5igus kliendile loodud materjali kasutada<\/h2>\n\n\n\n<p>5.1. Teenusepakkuja loodud materjali omandi\u00f5igus tekib Kliendil p\u00e4rast Teenuse eest t\u00e4ielikku tasumist vastavalt maksetingimustele. Teenusepakkuja j\u00e4tab endale \u00f5iguse kasutada Teenuse osutamise k\u00e4igus loodud materjale.<\/p>\n\n\n\n<p>5.2. Teenusepakkujal on \u00f5igus kasutada Kliendi logo ja nime, samuti Teenuse kaudu loodud materjale viidetena, v\u00e4lja arvatud juhul, kui Klient keelab viidete kasutamise, teatades sellest Teenusepakkujale kirjalikult.<\/p>\n\n\n\n<h2 class=\"wp-block-heading\">6. Materjali kasutamine ilma omandi\u00f5iguseta<\/h2>\n\n\n\n<p>6.1. Kliendil ei ole \u00f5igust Teenusepakkuja loodud materjali kasutada enne, kui materjali eest on maksetingimuste kohaselt tasutud.<\/p>\n\n\n\n<p>6.2. Kui Materjali kasutatakse ilma loata, on Teenusepakkujal \u00f5igus n\u00f5uda Materjali loata kasutamise eest kahju h\u00fcvitamist ning esitada arve lepingu rikkumise eest kokkulepitud summa ulatuses.<\/p>\n\n\n\n<h2 class=\"wp-block-heading\">7. Lepingu rikkumine<\/h2>\n\n\n\n<p>Klient kohustub maksma Teenusepakkujale lepingu rikkumisena 500 eurot, kui ta rikub m\u00f5nda k\u00e4esoleva lepingu tingimust.<\/p>\n\n\n\n<h2 class=\"wp-block-heading\">8. Kindlustus ja h\u00fcvitise maksmise kohustus<\/h2>\n\n\n\n<p>8.1. Klient kinnitab ja garanteerib, et (a) tal on k\u00f5ik vajalikud \u00f5igused Kliendi Materjali kasutamiseks, k\u00e4itlemiseks ja Teenusepakkujale levitamiseks vastavalt k\u00e4esolevatele Tingimustele ja (b) Kliendi Materjal ei riku \u00fchegi kolmanda isiku \u00f5igusi.<\/p>\n\n\n\n<p>8.2. Klient vastutab k\u00f5igi Teenusepakkuja v\u00f5i tema sidusettev\u00f5tete vastu esitatud kulude ja n\u00f5uete ning pretensioonide eest, mis tulenevad otseselt v\u00f5i kaudselt Kliendi Materjalist v\u00f5i Kliendi poolt k\u00e4esolevate Tingimuste rikkumisest. Teenusepakkujal on \u00f5igus end \u00fclalmainitud n\u00f5uete vastu kaitsta, kui ta seda soovib.<\/p>\n\n\n\n<p>8.3. Kui Klient teeb Teenusepakkuja materjalis muudatusi, vastutab Klient tehtud muudatuste eest.<\/p>\n\n\n\n<h2 class=\"wp-block-heading\">9. Vastutuse piiramine<\/h2>\n\n\n\n<p>9.1. Klient kasutab Teenust omal vastutusel, Teenust pakutakse olemasoleval kujul ning Teenusepakkuja ei anna mingeid kinnitusi ega garantiisid Teenuse, Teenuse tulemuste, kolmandate isikute \u00f5iguste mitterikkumise ega muu kohta.<\/p>\n\n\n\n<p>9.2. Teenusepakkuja ei vastuta Kliendi ees otseste ega kaudsete kahjude eest, kui Klient on seaduse alusel vastutav, nt. valeinfo levitamise eest v\u00f5i kui kolmas isik kaebab Kliendi kohtusse Teenuse kaudu loodud materjalide avaldamise eest.<\/p>\n\n\n\n<p>9.3. Teenusepakkuja maksimaalne vastutus Kliendi ees on viisk\u00fcmmend eurot.<\/p>\n\n\n\n<h2 class=\"wp-block-heading\">10. V\u00e4\u00e4ramatu j\u00f5ud<\/h2>\n\n\n\n<p>Teenusepakkujal on \u00f5igus edasi l\u00fckata tarnekuup\u00e4eva v\u00f5i leping l\u00f5petada v\u00f5i Teenust muuta ilma Teenusepakkujale trahve kandmata, kui Teenusepakkujal takistatakse oma \u00e4ritegevust p\u00f5hjusel, mida tal ei olnud lepingu s\u00f5lmimisel p\u00f5hjust arvesse v\u00f5tta ja mis on Teenusepakkujast s\u00f5ltumatu. Selline s\u00fcndmus v\u00f5ib muuhulgas h\u00f5lmata s\u00f5da, m\u00e4ssu, siserahutusi, sundv\u00f5\u00f5randamist v\u00f5i avalikuks otstarbeks arestimist ametiv\u00f5imu poolt, impordi- v\u00f5i ekspordikeeldu, loodus\u00f5nnetust, \u00fchistranspordi v\u00f5i energiajaotuse katkemist, tarnija viivitust, t\u00f6\u00f6vaidlust v\u00f5i tulekahju v\u00f5i muud samav\u00e4\u00e4rselt olulist p\u00f5hjust, mis ei ole Teenusepakkuja kontrolli all.<\/p>\n\n\n\n<h2 class=\"wp-block-heading\">11. \u00dclekanne<\/h2>\n\n\n\n<p>11.1. Klient ei tohi k\u00e4esolevaid Tingimusi ega poolte vahelist lepingut \u00fcle anda ilma Teenusepakkuja eelneva kirjaliku n\u00f5usolekuta. Teenusepakkujal on \u00f5igus anda Tingimused ja poolte vaheline leping \u00fcle kolmandale isikule.<\/p>\n\n\n\n<p>11.2. Asjaolu, et k\u00e4esolevate tingimuste pool ei teosta oma \u00f5igust k\u00e4esolevate tingimuste alusel, ei piira poole \u00f5igust hiljem sarnastel juhtudel sellele v\u00f5i mis tahes muule \u00f5igusele tugineda.<\/p>\n\n\n\n<h2 class=\"wp-block-heading\">12. Kehtivus<\/h2>\n\n\n\n<p>K\u00e4esolevad teenuse osutamise tingimused kehtivad lepingulise suhte algusest (tellimuse kinnitamisest). Tingimused kehtivad seni, kuni Teenust kasutatakse.<\/p>\n\n\n\n<h2 class=\"wp-block-heading\">13. Kohaldatav \u00f5igus ja vaidluste lahendamine<\/h2>\n\n\n\n<p>K\u00e4esolevatele tingimustele ja poolte vahelisele lepingule kohaldatakse Soome \u00f5igust, v\u00e4lja arvatud selle \u00f5igusnormide konflikti s\u00e4tted. K\u00f5ik k\u00e4esolevatest tingimustest v\u00f5i poolte vahelisest lepingust tulenevad vaidlused lahendatakse l\u00f5plikult vahekohtus vastavalt Kesk-Kaubanduskoja Vahekohtu reglemendile, mis koosneb \u00fchest vahekohtunikust. Vahekohtumenetluse koht on Helsingi ja menetluse keel on soome keel v\u00f5i kui teine pool ei ole Soome ettev\u00f5te, on menetluse keel inglise keel. Vahekohtuniku tehtud otsus on l\u00f5plik, m\u00f5lema poole jaoks siduv ja t\u00e4itmisele p\u00f6\u00f6ratav iga p\u00e4deva jurisdiktsiooniga kohtu poolt. Poolel on \u00f5igus taotleda ajutist kaitseabin\u00f5u.\u00a0<\/p>\n\n\n\n<p><strong>Muudatuste ajalugu:<\/strong><\/p>\n\n\n\n<p>21. veebruar 2025 \u2013 lisatud l\u00f5ik 3.3.<\/p>","protected":false},"excerpt":{"rendered":"<p>1.&nbsp;Yleist\u00e4 1.1 N\u00e4m\u00e4 yleiset k\u00e4ytt\u00f6ehdot (j\u00e4ljemp\u00e4n\u00e4 \u201cEhdot\u201d) koskevat Oy Visu24 Ltd (j\u00e4ljemp\u00e4n\u00e4 \u201cPalveluntarjoaja\u201d) tarjoaman palvelun &nbsp;(\u201cPalvelu\u201d) k\u00e4ytt\u00f6\u00e4. Palvelu voi sis\u00e4lt\u00e4\u00e4 asiakkaan (j\u00e4ljemp\u00e4n\u00e4 \u201cAsiakas\u201d) rakennuskohteen, tai muun objektin 3D-visualisoinnin, digistailauksen, virtuaalikierroksen, dronekuvauksen, 360-kuvan, animaation, 2D- tai 3D-pohjakuvat tai muun visuaalisen tuotteen, joka on listattu Palveluntarjoajan nettisivuille. Asiakas ja Palveluntarjoaja sopivat Palvelun sis\u00e4ll\u00f6st\u00e4 tarkemmin yhdess\u00e4 kunkin tilauksen [&hellip;]<\/p>\n","protected":false},"author":2,"featured_media":0,"parent":0,"menu_order":0,"comment_status":"closed","ping_status":"closed","template":"","meta":{"footnotes":""},"class_list":["post-4181","page","type-page","status-publish","hentry"],"_links":{"self":[{"href":"https:\/\/visu24.com\/et\/wp-json\/wp\/v2\/pages\/4181","targetHints":{"allow":["GET"]}}],"collection":[{"href":"https:\/\/visu24.com\/et\/wp-json\/wp\/v2\/pages"}],"about":[{"href":"https:\/\/visu24.com\/et\/wp-json\/wp\/v2\/types\/page"}],"author":[{"embeddable":true,"href":"https:\/\/visu24.com\/et\/wp-json\/wp\/v2\/users\/2"}],"replies":[{"embeddable":true,"href":"https:\/\/visu24.com\/et\/wp-json\/wp\/v2\/comments?post=4181"}],"version-history":[{"count":4,"href":"https:\/\/visu24.com\/et\/wp-json\/wp\/v2\/pages\/4181\/revisions"}],"predecessor-version":[{"id":4519,"href":"https:\/\/visu24.com\/et\/wp-json\/wp\/v2\/pages\/4181\/revisions\/4519"}],"wp:attachment":[{"href":"https:\/\/visu24.com\/et\/wp-json\/wp\/v2\/media?parent=4181"}],"curies":[{"name":"t\u00f6\u00f6leht","href":"https:\/\/api.w.org\/{rel}","templated":true}]}}