{"id":419,"date":"2023-02-09T19:30:06","date_gmt":"2023-02-09T17:30:06","guid":{"rendered":"https:\/\/www.visu24.com\/?page_id=419"},"modified":"2026-04-01T09:47:48","modified_gmt":"2026-04-01T06:47:48","slug":"request-a-quote","status":"publish","type":"page","link":"https:\/\/visu24.com\/en\/pyyda-tarjous\/","title":{"rendered":"Request a quote"},"content":{"rendered":"\t\t<div data-elementor-type=\"wp-page\" data-elementor-id=\"419\" class=\"elementor elementor-419\" data-elementor-post-type=\"page\">\n\t\t\t\t\t\t<section class=\"elementor-section elementor-top-section elementor-element elementor-element-bd9bf67 elementor-section-boxed elementor-section-height-default elementor-section-height-default\" data-id=\"bd9bf67\" data-element_type=\"section\" data-e-type=\"section\" data-settings=\"{&quot;background_background&quot;:&quot;classic&quot;}\">\n\t\t\t\t\t\t<div class=\"elementor-container elementor-column-gap-default\">\n\t\t\t\t\t<div class=\"elementor-column elementor-col-100 elementor-top-column elementor-element elementor-element-1950b4b\" data-id=\"1950b4b\" data-element_type=\"column\" data-e-type=\"column\">\n\t\t\t<div class=\"elementor-widget-wrap elementor-element-populated\">\n\t\t\t\t\t\t<div class=\"elementor-element elementor-element-a1c7680 elementor-widget elementor-widget-heading\" data-id=\"a1c7680\" data-element_type=\"widget\" data-e-type=\"widget\" data-widget_type=\"heading.default\">\n\t\t\t\t\t<h2 class=\"elementor-heading-title elementor-size-default\">Pyyd\u00e4 tarjous<\/h2>\t\t\t\t<\/div>\n\t\t\t\t<div class=\"elementor-element elementor-element-cffd4f0 elementor-widget elementor-widget-text-editor\" data-id=\"cffd4f0\" data-element_type=\"widget\" data-e-type=\"widget\" data-widget_type=\"text-editor.default\">\n\t\t\t\t\t\t\t\t\t<p>Visu24:lla tarjoamme sinulle monia huipputehokkaita ty\u00f6v\u00e4lineit\u00e4 uudiskohteiden markkinointiin. Pyyd\u00e4 tarjous tai ota yhteytt\u00e4 jo t\u00e4n\u00e4\u00e4n!\u00a0<\/p>\t\t\t\t\t\t\t\t<\/div>\n\t\t\t\t<section class=\"elementor-section elementor-inner-section elementor-element elementor-element-6961be6 elementor-section-boxed elementor-section-height-default elementor-section-height-default\" data-id=\"6961be6\" data-element_type=\"section\" data-e-type=\"section\">\n\t\t\t\t\t\t<div class=\"elementor-container elementor-column-gap-default\">\n\t\t\t\t\t<div class=\"elementor-column elementor-col-100 elementor-inner-column elementor-element elementor-element-779b04a\" data-id=\"779b04a\" data-element_type=\"column\" data-e-type=\"column\" data-settings=\"{&quot;background_background&quot;:&quot;classic&quot;}\">\n\t\t\t<div class=\"elementor-widget-wrap\">\n\t\t\t\t\t\t\t<\/div>\n\t\t<\/div>\n\t\t\t\t\t<\/div>\n\t\t<\/section>\n\t\t\t\t\t<\/div>\n\t\t<\/div>\n\t\t\t\t\t<\/div>\n\t\t<\/section>\n\t\t\t\t<section class=\"elementor-section elementor-top-section elementor-element elementor-element-dfa80aa elementor-section-boxed elementor-section-height-default elementor-section-height-default\" data-id=\"dfa80aa\" data-element_type=\"section\" data-e-type=\"section\" data-settings=\"{&quot;background_background&quot;:&quot;classic&quot;}\">\n\t\t\t\t\t\t<div class=\"elementor-container elementor-column-gap-default\">\n\t\t\t\t\t<div class=\"elementor-column elementor-col-100 elementor-top-column elementor-element elementor-element-1d137f9\" data-id=\"1d137f9\" data-element_type=\"column\" data-e-type=\"column\" data-settings=\"{&quot;background_background&quot;:&quot;classic&quot;}\">\n\t\t\t<div class=\"elementor-widget-wrap elementor-element-populated\">\n\t\t\t\t\t\t<div class=\"elementor-element elementor-element-32bd3c2 tarjous-form elementor-button-align-stretch elementor-widget elementor-widget-form\" data-id=\"32bd3c2\" data-element_type=\"widget\" data-e-type=\"widget\" data-settings=\"{&quot;step_next_label&quot;:&quot;Next&quot;,&quot;step_previous_label&quot;:&quot;Previous&quot;,&quot;step_type&quot;:&quot;none&quot;,&quot;step_icon_shape&quot;:&quot;none&quot;,&quot;button_width&quot;:&quot;100&quot;}\" data-widget_type=\"form.default\">\n\t\t\t\t\t\t\t<form class=\"elementor-form\" method=\"post\" name=\"Pyyd\u00e4 tarjous\" aria-label=\"Pyyd\u00e4 tarjous\">\n\t\t\t<input type=\"hidden\" name=\"post_id\" value=\"419\"\/>\n\t\t\t<input type=\"hidden\" name=\"form_id\" value=\"32bd3c2\"\/>\n\t\t\t<input type=\"hidden\" name=\"referer_title\" value=\"Pyyd\u00e4 tarjous | Visu24\" \/>\n\n\t\t\t\t\t\t\t<input type=\"hidden\" name=\"queried_id\" value=\"419\"\/>\n\t\t\t\n\t\t\t<div class=\"elementor-form-fields-wrapper elementor-labels-above\">\n\t\t\t\t\t\t\t\t<div class=\"elementor-field-type-text elementor-field-group elementor-column elementor-field-group-name elementor-col-50 elementor-field-required elementor-mark-required\">\n\t\t\t\t\t\t\t\t\t\t\t\t<label for=\"form-field-name\" class=\"elementor-field-label\">\n\t\t\t\t\t\t\t\t<b>Nimi<\/b>\t\t\t\t\t\t\t<\/label>\n\t\t\t\t\t\t\t\t\t\t\t\t\t\t<input size=\"1\" type=\"text\" name=\"form_fields[name]\" id=\"form-field-name\" class=\"elementor-field elementor-size-sm  elementor-field-textual\" placeholder=\"Etunimi Sukunimi\" required=\"required\">\n\t\t\t\t\t\t\t\t\t\t\t<\/div>\n\t\t\t\t\t\t\t\t<div class=\"elementor-field-type-email elementor-field-group elementor-column elementor-field-group-email elementor-col-50 elementor-field-required elementor-mark-required\">\n\t\t\t\t\t\t\t\t\t\t\t\t<label for=\"form-field-email\" class=\"elementor-field-label\">\n\t\t\t\t\t\t\t\t<b>S\u00e4hk\u00f6postiosoitteesi<\/b>\t\t\t\t\t\t\t<\/label>\n\t\t\t\t\t\t\t\t\t\t\t\t\t\t<input size=\"1\" type=\"email\" name=\"form_fields[email]\" id=\"form-field-email\" class=\"elementor-field elementor-size-sm  elementor-field-textual\" placeholder=\"nimi@esimerkki.fi\" required=\"required\">\n\t\t\t\t\t\t\t\t\t\t\t<\/div>\n\t\t\t\t\t\t\t\t<div class=\"elementor-field-type-radio elementor-field-group elementor-column elementor-field-group-field_1dd8aa2 elementor-col-100\">\n\t\t\t\t\t\t\t\t\t\t\t\t<label for=\"form-field-field_1dd8aa2\" class=\"elementor-field-label\">\n\t\t\t\t\t\t\t\t<b>Haluaisin tilata kampanjapaketin<\/b>\t\t\t\t\t\t\t<\/label>\n\t\t\t\t\t\t<div class=\"elementor-field-subgroup  \"><span class=\"elementor-field-option\"><input type=\"radio\" value=\"Starttipaketti - 250\u20ac + alv (arvo 455\u20ac)\" id=\"form-field-field_1dd8aa2-0\" name=\"form_fields[field_1dd8aa2]\"> <label for=\"form-field-field_1dd8aa2-0\">Starttipaketti - 250\u20ac + alv (arvo 455\u20ac)<\/label><\/span><span class=\"elementor-field-option\"><input type=\"radio\" value=\"Minipaketti - 450\u20ac + alv (arvo 950\u20ac)\" id=\"form-field-field_1dd8aa2-1\" name=\"form_fields[field_1dd8aa2]\"> <label for=\"form-field-field_1dd8aa2-1\">Minipaketti - 450\u20ac + alv (arvo 950\u20ac)<\/label><\/span><span class=\"elementor-field-option\"><input type=\"radio\" value=\"Propaketti - 999\u20ac + alv (arvo 1900\u20ac)\" id=\"form-field-field_1dd8aa2-2\" name=\"form_fields[field_1dd8aa2]\"> <label for=\"form-field-field_1dd8aa2-2\">Propaketti - 999\u20ac + alv (arvo 1900\u20ac)<\/label><\/span><span class=\"elementor-field-option\"><input type=\"radio\" value=\"Superpaketti - 1750\u20ac + alv (arvo 3500\u20ac)\" id=\"form-field-field_1dd8aa2-3\" name=\"form_fields[field_1dd8aa2]\"> <label for=\"form-field-field_1dd8aa2-3\">Superpaketti - 1750\u20ac + alv (arvo 3500\u20ac)<\/label><\/span><span class=\"elementor-field-option\"><input type=\"radio\" value=\"Luxus - 2900\u20ac + alv (arvo 5500\u20ac)\" id=\"form-field-field_1dd8aa2-4\" name=\"form_fields[field_1dd8aa2]\"> <label for=\"form-field-field_1dd8aa2-4\">Luxus - 2900\u20ac + alv (arvo 5500\u20ac)<\/label><\/span><\/div>\t\t\t\t<\/div>\n\t\t\t\t\t\t\t\t<div class=\"elementor-field-type-select elementor-field-group elementor-column elementor-field-group-field_28348f8 elementor-col-100\">\n\t\t\t\t\t\t\t\t\t\t\t\t<label for=\"form-field-field_28348f8\" class=\"elementor-field-label\">\n\t\t\t\t\t\t\t\t<b>Olen kiinnostunut<\/b>\t\t\t\t\t\t\t<\/label>\n\t\t\t\t\t\t\t\t<div class=\"elementor-field elementor-select-wrapper remove-before \">\n\t\t\t<div class=\"select-caret-down-wrapper\">\n\t\t\t\t<svg aria-hidden=\"true\" class=\"e-font-icon-svg e-eicon-caret-down\" viewBox=\"0 0 571.4 571.4\" xmlns=\"http:\/\/www.w3.org\/2000\/svg\"><path d=\"M571 393Q571 407 561 418L311 668Q300 679 286 679T261 668L11 418Q0 407 0 393T11 368 36 357H536Q550 357 561 368T571 393Z\"><\/path><\/svg>\t\t\t<\/div>\n\t\t\t<select name=\"form_fields[field_28348f8]\" id=\"form-field-field_28348f8\" class=\"elementor-field-textual elementor-size-sm\">\n\t\t\t\t\t\t\t\t\t<option value=\"Arkkitehtuurisuunnittelu \/ lupakuvat\">Arkkitehtuurisuunnittelu \/ lupakuvat<\/option>\n\t\t\t\t\t\t\t\t\t<option value=\"Sis\u00e4kuvat - 3D-visualisoinnit sis\u00e4lt\u00e4\">Sis\u00e4kuvat - 3D-visualisoinnit sis\u00e4lt\u00e4<\/option>\n\t\t\t\t\t\t\t\t\t<option value=\"Ulkokuvat - 3D-visualisoinnit ulkoa \">Ulkokuvat - 3D-visualisoinnit ulkoa <\/option>\n\t\t\t\t\t\t\t\t\t<option value=\"2D \/ 3D -pohjakuvat \">2D \/ 3D -pohjakuvat <\/option>\n\t\t\t\t\t\t\t\t\t<option value=\"Videoesittely uudiskohteesta\">Videoesittely uudiskohteesta<\/option>\n\t\t\t\t\t\t\t\t\t<option value=\"Virtuaaliesittely\">Virtuaaliesittely<\/option>\n\t\t\t\t\t\t\t\t\t<option value=\"Animaatio\">Animaatio<\/option>\n\t\t\t\t\t\t\t\t\t<option value=\"Dronekuvaus\">Dronekuvaus<\/option>\n\t\t\t\t\t\t\t\t\t<option value=\"Virtuaalistailaus\">Virtuaalistailaus<\/option>\n\t\t\t\t\t\t\t<\/select>\n\t\t<\/div>\n\t\t\t\t\t\t<\/div>\n\t\t\t\t\t\t\t\t<div class=\"elementor-field-type-text elementor-field-group elementor-column elementor-field-group-field_6b27297 elementor-col-50\">\n\t\t\t\t\t\t\t\t\t\t\t\t<label for=\"form-field-field_6b27297\" class=\"elementor-field-label\">\n\t\t\t\t\t\t\t\t<b>Montako visualisointia tarvitset ulkoa (julkisivukuvat) tarvitset?<\/b>\t\t\t\t\t\t\t<\/label>\n\t\t\t\t\t\t\t\t\t\t\t\t\t\t<input size=\"1\" type=\"text\" name=\"form_fields[field_6b27297]\" id=\"form-field-field_6b27297\" class=\"elementor-field elementor-size-sm  elementor-field-textual\" placeholder=\"Esim. 3 ulkovisualisointia ja lintuperspektiivi.\">\n\t\t\t\t\t\t\t\t\t\t\t<\/div>\n\t\t\t\t\t\t\t\t<div class=\"elementor-field-type-text elementor-field-group elementor-column elementor-field-group-field_1a39c4d elementor-col-50\">\n\t\t\t\t\t\t\t\t\t\t\t\t<label for=\"form-field-field_1a39c4d\" class=\"elementor-field-label\">\n\t\t\t\t\t\t\t\t<b>Montako visualisointia tarvitset sis\u00e4lt\u00e4 (esim. KH\/OH\/KPH\/S) tarvitset?<\/b>\t\t\t\t\t\t\t<\/label>\n\t\t\t\t\t\t\t\t\t\t\t\t\t\t<input size=\"1\" type=\"text\" name=\"form_fields[field_1a39c4d]\" id=\"form-field-field_1a39c4d\" class=\"elementor-field elementor-size-sm  elementor-field-textual\" placeholder=\"Asuntonumerot ja toivottu kuvien m\u00e4\u00e4r\u00e4\">\n\t\t\t\t\t\t\t\t\t\t\t<\/div>\n\t\t\t\t\t\t\t\t<div class=\"elementor-field-type-textarea elementor-field-group elementor-column elementor-field-group-field_12dfc8c elementor-col-100\">\n\t\t\t\t\t\t\t\t\t\t\t\t<label for=\"form-field-field_12dfc8c\" class=\"elementor-field-label\">\n\t\t\t\t\t\t\t\t<b>Kuvaa projektiasi yleisesti muutamalla lauseella ja mit\u00e4 toiveita sinulla on<\/b>\t\t\t\t\t\t\t<\/label>\n\t\t\t\t\t\t<textarea class=\"elementor-field-textual elementor-field  elementor-size-sm\" name=\"form_fields[field_12dfc8c]\" id=\"form-field-field_12dfc8c\" rows=\"4\" placeholder=\"Tyyppi (kerrostalo, rivitalo, paritalo, jne.), sijaitsevatko rakennukset samalla tontilla, jne.\"><\/textarea>\t\t\t\t<\/div>\n\t\t\t\t\t\t\t\t<div class=\"elementor-field-type-upload elementor-field-group elementor-column elementor-field-group-field_073a0a1 elementor-col-100\">\n\t\t\t\t\t\t\t\t\t\t\t\t<label for=\"form-field-field_073a0a1\" class=\"elementor-field-label\">\n\t\t\t\t\t\t\t\t<b>Arkkitehtikuvat (.dwg tai v\u00e4hint\u00e4\u00e4n .pdf -muotoisina)<\/b> | Julkisivukuvat, leikkauskuvat, asemakuva, kerroskuvat, sek\u00e4 asuntopohjat jne.\t\t\t\t\t\t\t<\/label>\n\t\t\t\t\t\t\t\t<input type=\"file\" name=\"form_fields[field_073a0a1][]\" id=\"form-field-field_073a0a1\" class=\"elementor-field elementor-size-sm  elementor-upload-field\" multiple=\"multiple\" data-maxsize=\"64\" data-maxsize-message=\"T\u00e4m\u00e4 tiedosto ylitt\u00e4\u00e4 suurimman sallitun koon.\">\n\n\t\t\t\t\t\t<\/div>\n\t\t\t\t\t\t\t\t<div class=\"elementor-field-type-upload elementor-field-group elementor-column elementor-field-group-field_0ca19c3 elementor-col-100\">\n\t\t\t\t\t\t\t\t\t\t\t\t<label for=\"form-field-field_0ca19c3\" class=\"elementor-field-label\">\n\t\t\t\t\t\t\t\t<b>3D-malli, mik\u00e4li sellainen l\u00f6ytyy (.fbx, .obj, .mtl, .pln, .pla, .ifc, tai .3ds -formaateissa)<\/b> | Mik\u00e4li sinulla ei ole projektistasi viel\u00e4 3d-mallia, tarkistatko sen saatavuus arkkitehdilta. Tarvittaessa teemme 3d-kuvat sinulle ilman valmiita 3d-malleja.\t\t\t\t\t\t\t<\/label>\n\t\t\t\t\t\t\t\t<input type=\"file\" name=\"form_fields[field_0ca19c3][]\" id=\"form-field-field_0ca19c3\" class=\"elementor-field elementor-size-sm  elementor-upload-field\" multiple=\"multiple\" data-maxsize=\"64\" data-maxsize-message=\"T\u00e4m\u00e4 tiedosto ylitt\u00e4\u00e4 suurimman sallitun koon.\">\n\n\t\t\t\t\t\t<\/div>\n\t\t\t\t\t\t\t\t<div class=\"elementor-field-type-text\">\n\t\t\t\t\t<input size=\"1\" type=\"text\" name=\"form_fields[field_dfab1a4]\" id=\"form-field-field_dfab1a4\" class=\"elementor-field elementor-size-sm \" style=\"display:none !important;\">\t\t\t\t<\/div>\n\t\t\t\t\t\t\t\t<div class=\"elementor-field-group elementor-column elementor-field-type-submit elementor-col-100 e-form__buttons\">\n\t\t\t\t\t<button class=\"elementor-button elementor-size-md\" type=\"submit\">\n\t\t\t\t\t\t<span class=\"elementor-button-content-wrapper\">\n\t\t\t\t\t\t\t\t\t\t\t\t\t\t\t\t\t\t\t\t\t\t<span class=\"elementor-button-text\">Ota yhteytt\u00e4!<\/span>\n\t\t\t\t\t\t\t\t\t\t\t\t\t<\/span>\n\t\t\t\t\t<\/button>\n\t\t\t\t<\/div>\n\t\t\t<\/div>\n\t\t<\/form>\n\t\t\t\t\t\t<\/div>\n\t\t\t\t<section class=\"elementor-section elementor-inner-section elementor-element elementor-element-221f93c elementor-section-boxed elementor-section-height-default elementor-section-height-default\" data-id=\"221f93c\" data-element_type=\"section\" data-e-type=\"section\">\n\t\t\t\t\t\t<div class=\"elementor-container elementor-column-gap-default\">\n\t\t\t\t\t<div class=\"elementor-column elementor-col-100 elementor-inner-column elementor-element elementor-element-1793405\" data-id=\"1793405\" data-element_type=\"column\" data-e-type=\"column\">\n\t\t\t<div class=\"elementor-widget-wrap elementor-element-populated\">\n\t\t\t\t\t\t<div class=\"elementor-element elementor-element-f10d018 elementor-widget elementor-widget-heading\" data-id=\"f10d018\" data-element_type=\"widget\" data-e-type=\"widget\" data-widget_type=\"heading.default\">\n\t\t\t\t\t<h2 class=\"elementor-heading-title elementor-size-default\">Soita ja kysy lis\u00e4\u00e4!<\/h2>\t\t\t\t<\/div>\n\t\t\t\t<div class=\"elementor-element elementor-element-6fddc31 elementor-widget elementor-widget-text-editor\" data-id=\"6fddc31\" data-element_type=\"widget\" data-e-type=\"widget\" data-widget_type=\"text-editor.default\">\n\t\t\t\t\t\t\t\t\t<p style=\"text-align: center;\"><strong>Palvelemme sinua miell\u00e4mme my\u00f6s puhelimitse ja emailitse:<\/strong><\/p><p style=\"text-align: center;\">Niko Huttu<br \/>Yritt\u00e4j\u00e4<br \/>Puh: <a href=\"tel:+358504794585\"><span class=\"elementor-icon-list-text\">+358 50 479 4585<\/span><\/a><br \/>Email: <a href=\"mailto:myynti@visu24.fi\"><span class=\"elementor-icon-list-text\">myynti@visu24.fi<\/span><\/a><\/p>\t\t\t\t\t\t\t\t<\/div>\n\t\t\t\t\t<\/div>\n\t\t<\/div>\n\t\t\t\t\t<\/div>\n\t\t<\/section>\n\t\t\t\t\t<\/div>\n\t\t<\/div>\n\t\t\t\t\t<\/div>\n\t\t<\/section>\n\t\t\t\t<\/div>\n\t\t","protected":false},"excerpt":{"rendered":"<p>3D visualizations, architectural renderings, and 3D images for new developments 24\/7 and 8 days a week! Request a quote. We'll get back to you within about 10 minutes.<\/p>","protected":false},"author":1,"featured_media":0,"parent":0,"menu_order":0,"comment_status":"closed","ping_status":"closed","template":"elementor_header_footer","meta":{"footnotes":""},"class_list":["post-419","page","type-page","status-publish","hentry"],"_links":{"self":[{"href":"https:\/\/visu24.com\/en\/wp-json\/wp\/v2\/pages\/419","targetHints":{"allow":["GET"]}}],"collection":[{"href":"https:\/\/visu24.com\/en\/wp-json\/wp\/v2\/pages"}],"about":[{"href":"https:\/\/visu24.com\/en\/wp-json\/wp\/v2\/types\/page"}],"author":[{"embeddable":true,"href":"https:\/\/visu24.com\/en\/wp-json\/wp\/v2\/users\/1"}],"replies":[{"embeddable":true,"href":"https:\/\/visu24.com\/en\/wp-json\/wp\/v2\/comments?post=419"}],"version-history":[{"count":15,"href":"https:\/\/visu24.com\/en\/wp-json\/wp\/v2\/pages\/419\/revisions"}],"predecessor-version":[{"id":6028,"href":"https:\/\/visu24.com\/en\/wp-json\/wp\/v2\/pages\/419\/revisions\/6028"}],"wp:attachment":[{"href":"https:\/\/visu24.com\/en\/wp-json\/wp\/v2\/media?parent=419"}],"curies":[{"name":"wp","href":"https:\/\/api.w.org\/{rel}","templated":true}]}}