{"id":4181,"date":"2024-12-02T14:32:23","date_gmt":"2024-12-02T12:32:23","guid":{"rendered":"https:\/\/visu24.com\/?page_id=4181"},"modified":"2025-02-21T14:27:18","modified_gmt":"2025-02-21T12:27:18","slug":"bedingungen","status":"publish","type":"page","link":"https:\/\/visu24.com\/de\/ehdot\/","title":{"rendered":"Bedingungen"},"content":{"rendered":"<h2 class=\"wp-block-heading\">1. Allgemeines<\/h2>\n\n\n\n<p>1.1 Diese Allgemeinen Nutzungsbedingungen (nachfolgend \u201eBedingungen\u201c genannt) gelten f\u00fcr die Nutzung des von Oy Visu24 Ltd (nachfolgend \u201eDienstanbieter\u201c genannt) bereitgestellten Dienstes (\u201eDienst\u201c). Der Service kann eine 3D-Visualisierung, ein digitales Rendering, einen virtuellen Rundgang, Drohnenfotografie, 360-Grad-Bilder, Animationen, 2D- oder 3D-Grundrisse oder ein anderes visuelles Produkt der Baustelle oder eines anderen Objekts des Kunden (nachfolgend \u201eKunde\u201c genannt) umfassen, das auf der Website des Dienstanbieters aufgef\u00fchrt ist. \u00dcber den Inhalt der Dienstleistung einigen sich Kunde und Dienstleister im Rahmen der jeweiligen Bestellung im Einzelnen.<\/p>\n\n\n\n<p>1.2 Mit der Bestellung der Dienstleistung beim Dienstanbieter erkl\u00e4rt sich der Kunde mit der Einhaltung dieser Allgemeinen Gesch\u00e4ftsbedingungen einverstanden.<\/p>\n\n\n\n<h2 class=\"wp-block-heading\">2. Bestellung und Erbringung der Dienstleistung<\/h2>\n\n\n\n<p>2.1. Diese Allgemeinen Gesch\u00e4ftsbedingungen treten in Kraft, wenn der Kunde im Rahmen eines ihm vom Dienst zugesandten Angebots, das einen Link zu diesen Allgemeinen Gesch\u00e4ftsbedingungen enth\u00e4lt, per E-Mail oder Telefon seine Bereitschaft zur Bestellung des Dienstes beim Dienstanbieter zum Ausdruck gebracht hat.<\/p>\n\n\n\n<p>2.2. F\u00fcr die Kaufentscheidung gen\u00fcgt es, dass der Kunde seinen Wunsch ge\u00e4u\u00dfert hat, den Dienst beim Dienstanbieter zu bestellen, und die E-Mail-Konversation mit dem Vertreter des Dienstanbieters bez\u00fcglich der Erbringung des Dienstes im E-Mail-Thread, mit dem diese Allgemeinen Gesch\u00e4ftsbedingungen verkn\u00fcpft sind, fortgesetzt hat und der Kunde nicht klar zum Ausdruck gebracht hat, dass er nicht beabsichtigt, den Dienst beim Dienstanbieter zu bestellen.<\/p>\n\n\n\n<p>2.3. Auch eine telefonische Servicebestellung wird als Ausdruck einer Kaufentscheidung interpretiert, wobei die Bestellung nicht zwingend schwarz auf wei\u00df festgehalten wird, sondern lediglich durch einen Vermerk im Anrufprotokoll. Wenn der Kunde in diesem Fall die E-Mail-Konversation mit dem Dienstanbieter in dem Nachrichten-Thread fortsetzt, mit dem diese Bedingungen verkn\u00fcpft sind, wird davon ausgegangen, dass der Kunde die Servicebedingungen kennt und an sie gebunden ist.<\/p>\n\n\n\n<p>2.4. Die Nutzung des Dienstes erfordert, dass der Kunde die vom Dienst angeforderten Informationen bereitstellt, beispielsweise die zur Implementierung des Dienstes erforderlichen Erstinformationen sowie Rechnungsinformationen oder andere Informationen.<\/p>\n\n\n\n<p>2.5. Sofern der Kunde nichts anderes angegeben hat, werden die im Internet \u00f6ffentlich verf\u00fcgbaren Rechnungsinformationen verwendet. Als Rechnungsreferenz dient der eindeutige Projektname aus den Quellmaterialien des Dienstes oder der vom Kunden in der Kommunikation verwendete Projektname.<\/p>\n\n\n\n<p>2.6. F\u00fcr den Dienstanbieter ist es wichtig, dass die Informationen genau und richtig sind. \u00c4ndern sich diese Angaben, ist der Kunde verpflichtet, den Dienstanbieter unverz\u00fcglich \u00fcber die ge\u00e4nderten Angaben zu informieren.<\/p>\n\n\n\n<p>2.7. Dem Kunden ist bekannt, dass eine \u00c4nderung der zur Bereitstellung des Dienstes erforderlichen Ausgangsmaterialien nach Beginn der Bereitstellung des Dienstes zu zus\u00e4tzlichen Kosten f\u00fchren kann.<\/p>\n\n\n\n<p>2.8.  Der Dienstanbieter kann diese Bedingungen von Zeit zu Zeit \u00e4ndern und die aktuelle Version ist auf der Website des Dienstanbieters zu finden.<\/p>\n\n\n\n<p>2.9. Durch die Nutzung des Dienstes akzeptiert der Kunde die zum Zeitpunkt der Bestellung des Dienstes geltenden Allgemeinen Gesch\u00e4ftsbedingungen.<\/p>\n\n\n\n<p>2.10. Wenn der Kunde den Dienst im Namen einer Organisation nutzt, stimmt der Kunde diesen Bedingungen im Namen dieser Organisation zu und erkl\u00e4rt und gew\u00e4hrleistet, dass der Kunde das Recht hat, die Organisation zu einer Vertragspartei zu machen. Der Dienst darf nur von vollj\u00e4hrigen, gesch\u00e4ftsf\u00e4higen Personen und in \u00dcbereinstimmung mit diesen Bedingungen genutzt werden.&nbsp;<\/p>\n\n\n\n<p>2.11. Handelt es sich bei dem Kunden um eine Privatperson, ist dem Dienstanbieter zur Er\u00f6ffnung eines Abrechnungskontos die Angabe einer pers\u00f6nlichen Identifikationsnummer erforderlich.<\/p>\n\n\n\n<p>2.12. Der Dienstanbieter ist bestrebt, den Dienst kontinuierlich verf\u00fcgbar zu halten, kann jedoch die Bereitstellung des Dienstes aussetzen oder den Inhalt des Dienstes \u00e4ndern, wenn dies als notwendig erachtet wird.<\/p>\n\n\n\n<p>2.13. Die Leistungserbringung erfolgt gem\u00e4\u00df dem im Angebot genannten Arbeitsplan. Bei den Lieferzeitangaben handelt es sich um Sch\u00e4tzungen, die f\u00fcr den Dienstanbieter nicht bindend sind. Der Dienstleister verpflichtet sich, sein Bestes zu tun, um die versprochenen voraussichtlichen Lieferzeiten einzuhalten.<\/p>\n\n\n\n<h2 class=\"wp-block-heading\">3. Aktivierung des Rechnungsstellungsrechts<\/h2>\n\n\n\n<p>3.1. Der Dienstanbieter ist berechtigt, den Dienst nach der Best\u00e4tigung der Bestellung durch den Kunden unter Anwendung der folgenden Regeln in Rechnung zu stellen.<\/p>\n\n\n\n<ul class=\"wp-block-list\">\n<li>Der Dienstleister stellt die Rechnung f\u00fcr den Auftrag je nach Auftragsumfang in einer, zwei oder drei Raten aus.  Normale Bestellungen im Wert von &lt;2000 \u20ac (MwSt. 0) werden in einer Rate abgerechnet. Bei gr\u00f6\u00dferen Bestellungen ist eine Rechnungsstellung in einer, zwei oder drei Raten m\u00f6glich.<\/li>\n\n\n\n<li>Bei Gro\u00dfauftr\u00e4gen erfolgt die Rechnungsstellung nach Fertigstellungsgrad, zB. Eine Bestellung im Wert von 6.000 \u20ac kann in drei Raten abgerechnet werden: 2.000 \u20ac bei einem Bereitschaftsgrad des Dienstes von 33% (Grauproofs wurden geliefert), 2.000 \u20ac bei einem Bereitschaftsgrad von 66% (Farbproofs wurden geliefert) und die restlichen 2.000 \u20ac bei einem Bereitschaftsgrad von 90-100% (2 Kommentierungsrunden f\u00fcr Farbproofs wurden durchgef\u00fchrt).<\/li>\n\n\n\n<li>In besonderen F\u00e4llen kann der Dienstleister einen Teil des Preises der Dienstleistung im Voraus in Rechnung stellen, wenn dies gesondert vereinbart wurde, z. B. per E-Mail.<\/li>\n\n\n\n<li>Das Zahlungsziel betr\u00e4gt 7 Tage netto, sofern nichts anderes vereinbart ist.<\/li>\n\n\n\n<li>Der Standardzinssatz f\u00fcr versp\u00e4tete Zahlungen betr\u00e4gt 8%. Wird eine aus dem Service entstandene Rechnung nicht innerhalb von 14 Tagen nach F\u00e4lligkeit bezahlt, wird die Rechnung zur Einziehung an ein Inkassob\u00fcro \u00fcbergeben.<\/li>\n<\/ul>\n\n\n\n<p>3.2.  Die Rechnungsbedingung 100% ist erf\u00fcllt, wenn die Dienstleistung 90-100% erbracht wurde (z. B. bei 3D-Visualisierungen wurden zwei Runden mit Kommentaren zu Farbbildern erstellt und die Bilder warten auf die endg\u00fcltige Best\u00e4tigung durch den Kunden).<\/p>\n\n\n\n<ul class=\"wp-block-list\">\n<li>Die Abrechnungsgrundlage ist der Fertigstellungsgrad des Projekts, sofern der Kunde nicht innerhalb von 7 Tagen nach Erbringung der Dienstleistung neue Korrekturw\u00fcnsche zu den Dienstleistungsmaterialien per E-Mail oder Telefon einreicht.\n<ul class=\"wp-block-list\">\n<li>W\u00fcnscht der Kunde eine Verschiebung der Durchf\u00fchrung einer bereits begonnenen Leistung und wurden die Arbeiten bereits begonnen, so kann der Dienstleister den bereits erbrachten Teil der Leistung entsprechend dem Fertigstellungsgrad in Rechnung stellen.<\/li>\n<\/ul>\n<\/li>\n<\/ul>\n\n\n\n<p>3.3. Bestellt eine Person oder ein Unternehmen den Dienst als Vertreter eines anderen Unternehmens oder Kunden und zahlt dieser Dritte die aus dem Dienst resultierende Rechnung sp\u00e4ter nicht, gilt die Partei, die den Dienst tats\u00e4chlich bestellt hat, als Abonnent und das Recht zur Rechnungsstellung wird dieser Partei \u00fcbertragen. <\/p>\n\n\n\n<h2 class=\"wp-block-heading\">4. Nutzungsrecht an vom Kunden beigestelltem Material &nbsp;<\/h2>\n\n\n\n<p>4.1. Damit der Dienstanbieter seinen Kunden qualitativ hochwertige Dienste bereitstellen kann, gew\u00e4hrt der Kunde dem Dienstanbieter bei der Erstellung des Dienstes vollen Zugriff auf das Material des Kunden.<\/p>\n\n\n\n<h2 class=\"wp-block-heading\">5. Nutzungsrecht an dem f\u00fcr den Kunden erstellten Material<\/h2>\n\n\n\n<p>5.1. Das Eigentum an dem vom Dienstleister erstellten Material geht nach vollst\u00e4ndiger Bezahlung der Dienstleistung gem\u00e4\u00df den Zahlungsbedingungen auf den Kunden \u00fcber. Der Dienstanbieter beh\u00e4lt sich das Recht vor, w\u00e4hrend der Erbringung des Dienstes erstellte Materialien zu verwenden.<\/p>\n\n\n\n<p>5.2. Der Dienstanbieter hat das Recht, das Logo und den Namen des Kunden sowie \u00fcber den Dienst erstellte Materialien als Referenzen zu verwenden, sofern der Kunde die Verwendung als Referenz nicht ausdr\u00fccklich untersagt, indem er den Dienstanbieter schriftlich benachrichtigt.<\/p>\n\n\n\n<h2 class=\"wp-block-heading\">6. Verwendung von Material ohne Eigentumsrechte<\/h2>\n\n\n\n<p>6.1. Bis zur Bezahlung des Materials gem\u00e4\u00df den Zahlungsbedingungen hat der Kunde kein Recht zur Nutzung des vom Dienstleister erstellten Materials.<\/p>\n\n\n\n<p>6.2. Bei einer unberechtigten Nutzung des Materials ist der Dienstanbieter berechtigt, Schadensersatz wegen der unberechtigten Nutzung des Materials zu verlangen und den vereinbarten Betrag f\u00fcr die Vertragsverletzung in Rechnung zu stellen.<\/p>\n\n\n\n<h2 class=\"wp-block-heading\">7. Vertragsverletzung<\/h2>\n\n\n\n<p>Der Kunde verpflichtet sich, dem Dienstleister 500 \u20ac als Vertragsstrafe zu zahlen, wenn er gegen eine der Bestimmungen dieser Vereinbarung verst\u00f6\u00dft.<\/p>\n\n\n\n<h2 class=\"wp-block-heading\">8. Versicherung und Haftung f\u00fcr Schadensersatz<\/h2>\n\n\n\n<p>8.1. Der Kunde sichert zu und gew\u00e4hrleistet, dass (a) er \u00fcber alle erforderlichen Rechte verf\u00fcgt, um Kundenmaterial gem\u00e4\u00df diesen Gesch\u00e4ftsbedingungen zu verwenden, zu verwerten und an den Dienstanbieter weiterzugeben, und (b) dass das Kundenmaterial keine Rechte Dritter verletzt.<\/p>\n\n\n\n<p>8.2. Der Kunde haftet f\u00fcr s\u00e4mtliche Kosten und Anspr\u00fcche sowie Forderungen, die gegen\u00fcber dem Dienstanbieter oder seinen verbundenen Unternehmen direkt oder indirekt aus dem Material des Kunden oder der Verletzung dieser Bedingungen durch den Kunden entstehen. Dem Diensteanbieter steht das Recht zu, sich gegen die vorgenannten Anspr\u00fcche zu wehren.<\/p>\n\n\n\n<p>8.3. Nimmt der Kunde \u00c4nderungen am Material des Dienstanbieters vor, ist der Kunde f\u00fcr die vorgenommenen \u00c4nderungen verantwortlich.<\/p>\n\n\n\n<h2 class=\"wp-block-heading\">9. Haftungsbeschr\u00e4nkung<\/h2>\n\n\n\n<p>9.1. Der Kunde nutzt den Dienst auf eigenes Risiko. Der Dienst wird im Ist-Zustand bereitgestellt und der Dienstanbieter \u00fcbernimmt keine Zusicherungen oder Garantien in Bezug auf den Dienst, die Ergebnisse des Dienstes, die Nichtverletzung von Rechten Dritter oder auf andere Weise.<\/p>\n\n\n\n<p>9.2. Der Dienstanbieter haftet gegen\u00fcber dem Kunden nicht f\u00fcr direkte oder indirekte Sch\u00e4den, wenn der Kunde nach dem Gesetz haftbar gemacht werden kann, z. B. wegen der Verbreitung falscher Informationen oder wenn ein Dritter den Kunden wegen der Ver\u00f6ffentlichung von \u00fcber den Dienst erstelltem Material verklagt.<\/p>\n\n\n\n<p>9.3. Die maximale Haftung des Dienstanbieters gegen\u00fcber dem Kunden betr\u00e4gt f\u00fcnfzig Euro.<\/p>\n\n\n\n<h2 class=\"wp-block-heading\">10. H\u00f6here Gewalt<\/h2>\n\n\n\n<p>Der Dienstleister hat das Recht, den Liefertermin zu verschieben oder den Vertrag zu k\u00fcndigen oder die Leistung zu \u00e4ndern, ohne dass ihm dadurch Vertragsstrafen entstehen, wenn er aus einem Grund, den er bei Vertragsabschluss nicht ber\u00fccksichtigen musste und der von ihm unabh\u00e4ngig ist, an der Aus\u00fcbung seiner Gesch\u00e4ftst\u00e4tigkeit gehindert wird. Zu solchen Ereignissen k\u00f6nnen unter anderem Krieg, Aufruhr, innere Unruhen, Zwangsbeschlagnahme oder Beschlagnahme durch eine Beh\u00f6rde zum \u00f6ffentlichen Gebrauch, Ein- oder Ausfuhrverbote, Naturkatastrophen, St\u00f6rungen des \u00f6ffentlichen Verkehrs oder der Energieversorgung, Lieferverz\u00f6gerungen, Arbeitsk\u00e4mpfe oder Br\u00e4nde sowie andere gleicherma\u00dfen bedeutende Ursachen au\u00dferhalb der Kontrolle des Dienstanbieters z\u00e4hlen.<\/p>\n\n\n\n<h2 class=\"wp-block-heading\">11. \u00dcbertragung<\/h2>\n\n\n\n<p>11.1. Der Kunde darf diese Bedingungen oder die Vereinbarung zwischen den Parteien ohne vorherige schriftliche Zustimmung des Dienstanbieters nicht abtreten. Der Dienstanbieter kann die Allgemeinen Gesch\u00e4ftsbedingungen und die Vereinbarung zwischen den Parteien an Dritte \u00fcbertragen.<\/p>\n\n\n\n<p>11.2. Die Tatsache, dass eine Partei dieser Bedingungen ihr Recht gem\u00e4\u00df diesen Bedingungen nicht aus\u00fcbt, schr\u00e4nkt das Recht der Partei nicht ein, dieses oder ein anderes Recht in \u00e4hnlichen F\u00e4llen zu einem sp\u00e4teren Zeitpunkt geltend zu machen.<\/p>\n\n\n\n<h2 class=\"wp-block-heading\">12. G\u00fcltigkeit<\/h2>\n\n\n\n<p>Diese Allgemeinen Gesch\u00e4ftsbedingungen gelten ab Beginn des Vertragsverh\u00e4ltnisses (Bestellbest\u00e4tigung). Die Bedingungen gelten, solange der Dienst genutzt wird.<\/p>\n\n\n\n<h2 class=\"wp-block-heading\">13. Geltendes Recht und Streitbeilegung<\/h2>\n\n\n\n<p>Diese Allgemeinen Gesch\u00e4ftsbedingungen und die Vereinbarung zwischen den Parteien unterliegen finnischem Recht unter Ausschluss der Kollisionsnormen. Alle Streitigkeiten, die sich aus diesen Bedingungen oder der Vereinbarung zwischen den Parteien ergeben, werden endg\u00fcltig durch ein Schiedsverfahren gem\u00e4\u00df der Regeln des Schiedsgerichts der Zentralhandelskammer, das aus einem einzigen Schiedsrichter besteht, beigelegt. Der Ort des Schiedsverfahrens ist Helsinki und die Verfahrenssprache ist Finnisch. Handelt es sich bei der Gegenpartei nicht um ein finnisches Unternehmen, ist die Verfahrenssprache Englisch. Der Schiedsspruch des Schiedsrichters ist endg\u00fcltig, f\u00fcr beide Parteien bindend und kann von jedem zust\u00e4ndigen Gericht vollstreckt werden. Die Partei hat das Recht, eine einstweilige Schutzma\u00dfnahme zu beantragen.\u00a0<\/p>\n\n\n\n<p><strong>\u00c4nderungsverlauf:<\/strong><\/p>\n\n\n\n<p>21. Februar 2025 \u2013 Absatz 3.3 hinzugef\u00fcgt.<\/p>","protected":false},"excerpt":{"rendered":"<p>1.&nbsp;Yleist\u00e4 1.1 N\u00e4m\u00e4 yleiset k\u00e4ytt\u00f6ehdot (j\u00e4ljemp\u00e4n\u00e4 \u201cEhdot\u201d) koskevat Oy Visu24 Ltd (j\u00e4ljemp\u00e4n\u00e4 \u201cPalveluntarjoaja\u201d) tarjoaman palvelun &nbsp;(\u201cPalvelu\u201d) k\u00e4ytt\u00f6\u00e4. Palvelu voi sis\u00e4lt\u00e4\u00e4 asiakkaan (j\u00e4ljemp\u00e4n\u00e4 \u201cAsiakas\u201d) rakennuskohteen, tai muun objektin 3D-visualisoinnin, digistailauksen, virtuaalikierroksen, dronekuvauksen, 360-kuvan, animaation, 2D- tai 3D-pohjakuvat tai muun visuaalisen tuotteen, joka on listattu Palveluntarjoajan nettisivuille. Asiakas ja Palveluntarjoaja sopivat Palvelun sis\u00e4ll\u00f6st\u00e4 tarkemmin yhdess\u00e4 kunkin tilauksen [&hellip;]<\/p>\n","protected":false},"author":2,"featured_media":0,"parent":0,"menu_order":0,"comment_status":"closed","ping_status":"closed","template":"","meta":{"footnotes":""},"class_list":["post-4181","page","type-page","status-publish","hentry"],"_links":{"self":[{"href":"https:\/\/visu24.com\/de\/wp-json\/wp\/v2\/pages\/4181","targetHints":{"allow":["GET"]}}],"collection":[{"href":"https:\/\/visu24.com\/de\/wp-json\/wp\/v2\/pages"}],"about":[{"href":"https:\/\/visu24.com\/de\/wp-json\/wp\/v2\/types\/page"}],"author":[{"embeddable":true,"href":"https:\/\/visu24.com\/de\/wp-json\/wp\/v2\/users\/2"}],"replies":[{"embeddable":true,"href":"https:\/\/visu24.com\/de\/wp-json\/wp\/v2\/comments?post=4181"}],"version-history":[{"count":4,"href":"https:\/\/visu24.com\/de\/wp-json\/wp\/v2\/pages\/4181\/revisions"}],"predecessor-version":[{"id":4519,"href":"https:\/\/visu24.com\/de\/wp-json\/wp\/v2\/pages\/4181\/revisions\/4519"}],"wp:attachment":[{"href":"https:\/\/visu24.com\/de\/wp-json\/wp\/v2\/media?parent=4181"}],"curies":[{"name":"wp","href":"https:\/\/api.w.org\/{rel}","templated":true}]}}