{"id":4181,"date":"2024-12-02T14:32:23","date_gmt":"2024-12-02T12:32:23","guid":{"rendered":"https:\/\/visu24.com\/?page_id=4181"},"modified":"2025-02-21T14:27:18","modified_gmt":"2025-02-21T12:27:18","slug":"vilkar","status":"publish","type":"page","link":"https:\/\/visu24.com\/da\/ehdot\/","title":{"rendered":"Vilk\u00e5r"},"content":{"rendered":"<h2 class=\"wp-block-heading\">1. Generelt<\/h2>\n\n\n\n<p>1.1 Disse generelle brugsbetingelser (herefter ben\u00e6vnt &quot;Vilk\u00e5r&quot;) g\u00e6lder for brugen af tjenesten (&quot;Tjenesten&quot;) leveret af Oy Visu24 Ltd (herefter ben\u00e6vnt &quot;Tjenesteudbyderen&quot;). Tjenesten kan omfatte en 3D-visualisering, digital rendering, virtuel rundvisning, dronefotografering, 360-graders billeder, animation, 2D- eller 3D-plantegninger eller andet visuelt produkt af kundens (herefter ben\u00e6vnt &quot;Kunden&quot;) byggeplads eller andet objekt, som er angivet p\u00e5 Tjenesteudbyderens hjemmeside. Kunden og Serviceudbyderen aftaler indholdet af Servicen mere detaljeret i f\u00e6llesskab i forbindelse med hver ordre.<\/p>\n\n\n\n<p>1.2 Kunden accepterer at overholde disse vilk\u00e5r og betingelser ved at bestille tjenesten fra tjenesteudbyderen.<\/p>\n\n\n\n<h2 class=\"wp-block-heading\">2. Bestilling og levering af tjenesten<\/h2>\n\n\n\n<p>2.1. Disse vilk\u00e5r og betingelser tr\u00e6der i kraft, n\u00e5r Kunden har udtrykt sin vilje til at bestille Tjenesten fra Tjenesteudbyderen via e-mail eller telefon i forbindelse med et tilbud sendt til Kunden fra Tjenesten, hvilket tilbud indeholder et link til disse vilk\u00e5r og betingelser for Service.<\/p>\n\n\n\n<p>2.2. Det er tilstr\u00e6kkeligt at udtrykke en k\u00f8bsbeslutning, at Kunden har udtrykt sit \u00f8nske om at bestille Tjenesten fra Tjenesteudbyderen og har fortsat e-mailsamtalen med Tjenesteudbyderens repr\u00e6sentant vedr\u00f8rende levering af Tjenesten i den e-mailtr\u00e5d, som disse vilk\u00e5r og betingelser er knyttet til, og at Kunden ikke tydeligt har angivet, at han\/hun ikke har til hensigt at bestille Tjenesten fra Tjenesteudbyderen.<\/p>\n\n\n\n<p>2.3. En serviceordre foretaget via telefon fortolkes ogs\u00e5 som et udtryk for en k\u00f8bsbeslutning, i hvilket tilf\u00e6lde ordren ikke n\u00f8dvendigvis vil blive registreret sort p\u00e5 hvidt udover en note i opkaldsloggen. Hvis Kunden i dette tilf\u00e6lde forts\u00e6tter e-mailsamtalen med Tjenesteudbyderen i den beskedtr\u00e5d, som disse vilk\u00e5r er knyttet til, anses Kunden for at v\u00e6re bekendt med og bundet af Servicevilk\u00e5rene.<\/p>\n\n\n\n<p>2.4. Brug af Tjenesten kr\u00e6ver, at Kunden angiver de oplysninger, som Tjenesten anmoder om, s\u00e5som de indledende oplysninger, der er n\u00f8dvendige for at implementere tjenesten, samt faktureringsoplysninger eller andre oplysninger.<\/p>\n\n\n\n<p>2.5. De anvendte faktureringsoplysninger er de faktureringsoplysninger, der er offentligt tilg\u00e6ngelige p\u00e5 internettet, medmindre Kunden har angivet andet, og det unikke projektnavn, der findes i Tjenestens kildematerialer, eller det projektnavn, som Kunden bruger i kommunikation, anvendes som faktureringsreference.<\/p>\n\n\n\n<p>2.6. Det er vigtigt for tjenesteudbyderen, at oplysningerne er n\u00f8jagtige og korrekte. Hvis disse oplysninger \u00e6ndres, skal Kunden straks underrette Serviceudbyderen om de \u00e6ndrede oplysninger.<\/p>\n\n\n\n<p>2.7. Kunden forst\u00e5r, at \u00e6ndring af de kildematerialer, der kr\u00e6ves for at producere Tjenesten, efter at produktionen af Tjenesten allerede er p\u00e5begyndt, kan resultere i yderligere omkostninger.<\/p>\n\n\n\n<p>2.8.  Tjenesteudbyderen kan \u00e6ndre disse vilk\u00e5r fra tid til anden, og den g\u00e6ldende version kan findes p\u00e5 Tjenesteudbyderens hjemmeside.<\/p>\n\n\n\n<p>2.9. Ved at bruge Tjenesten accepterer Kunden de Vilk\u00e5r og Betingelser, der er g\u00e6ldende p\u00e5 tidspunktet for bestilling af Tjenesten.<\/p>\n\n\n\n<p>2.10. Hvis Kunden bruger Tjenesten p\u00e5 vegne af en organisation, accepterer Kunden disse Vilk\u00e5r p\u00e5 vegne af den p\u00e5g\u00e6ldende organisation og erkl\u00e6rer og garanterer, at Kunden har ret til at g\u00f8re organisationen til part i aftalen. Tjenesten m\u00e5 kun bruges af personer, der er myndige, har retsevne og er i overensstemmelse med disse vilk\u00e5r.&nbsp;<\/p>\n\n\n\n<p>2.11. Hvis Kunden repr\u00e6senterer en privatperson, skal Tjenesteudbyderen have et personligt identifikationsnummer for at \u00e5bne en faktureringskonto.<\/p>\n\n\n\n<p>2.12. Tjenesteudbyderen bestr\u00e6ber sig p\u00e5 at holde Tjenesten tilg\u00e6ngelig kontinuerligt, men kan suspendere leveringen af Tjenesten eller \u00e6ndre indholdet af Tjenesten, n\u00e5r det anses for n\u00f8dvendigt.<\/p>\n\n\n\n<p>2.13. Ydelsen vil blive leveret i overensstemmelse med den i tilbuddet anf\u00f8rte arbejdsplan. Leveringstidsestimater er estimater og binder ikke tjenesteudbyderen. Tjenesteudbyderen forpligter sig til at g\u00f8re sit bedste for at overholde de lovede forventede leveringstider.<\/p>\n\n\n\n<h2 class=\"wp-block-heading\">3. Aktivering af faktureringsretten<\/h2>\n\n\n\n<p>3.1. Tjenesteudbyderen har ret til at fakturere for Tjenesten efter Kundens bekr\u00e6ftelse af ordren, i henhold til f\u00f8lgende regler.<\/p>\n\n\n\n<ul class=\"wp-block-list\">\n<li>Tjenesteudbyderen fakturerer ordren i enten en, to eller tre rater, afh\u00e6ngigt af ordrens st\u00f8rrelse.  Normale ordrer til en v\u00e6rdi af &lt;2000\u20ac (moms 0) faktureres i \u00e9n rate. Ordrer st\u00f8rre end dette kan faktureres i en, to eller tre rater.<\/li>\n\n\n\n<li>Ved store ordrer opfyldes faktureringsgrundlaget i henhold til f\u00e6rdigg\u00f8relsesgraden, f.eks. En ordre p\u00e5 \u20ac6.000 kan faktureres i tre rater: \u20ac2.000, n\u00e5r Tjenestens parathedsniveau er 33% (gr\u00e5 pr\u00f8vetryk er leveret), \u20ac2.000, n\u00e5r parathedsniveauet er 66% (farvepr\u00f8vetryk er leveret), og de resterende \u20ac2.000, n\u00e5r parathedsniveauet er 90-100% (der er udf\u00f8rt 2 runder med kommentarer p\u00e5 farvepr\u00f8vetryk).<\/li>\n\n\n\n<li>I s\u00e6rlige tilf\u00e6lde kan Serviceudbyderen fakturere en del af prisen for Servicen p\u00e5 forh\u00e5nd, hvis dette er s\u00e6rskilt aftalt, f.eks. via e-mail.<\/li>\n\n\n\n<li>Betalingsfristen er 7 dage netto, medmindre andet er aftalt.<\/li>\n\n\n\n<li>Standardrenten for forsinket betaling er 8%. Hvis en faktura, der stammer fra Tjenesten, ikke betales inden for 14 dage efter forfaldsdatoen, vil fakturaen blive overf\u00f8rt til et inkassobureau til inkasso.<\/li>\n<\/ul>\n\n\n\n<p>3.2.  Faktureringsbetingelsen 100% er opfyldt, n\u00e5r Tjenesten er leveret 90-100% (f.eks. i tilf\u00e6lde af 3D-visualiseringer er der foretaget to runder med kommentarer til farvebilleder, og billederne afventer endelig bekr\u00e6ftelse fra kunden).<\/p>\n\n\n\n<ul class=\"wp-block-list\">\n<li>Faktureringsgrundlaget i henhold til projektets f\u00e6rdigg\u00f8relsesgrad skal anvendes, n\u00e5r Kunden ikke indsender nye anmodninger om rettelser til Servicematerialet via e-mail eller telefon inden for 7 dage efter, at Serviceydelsen er leveret.\n<ul class=\"wp-block-list\">\n<li>Hvis kunden \u00f8nsker at udskyde implementeringen af en allerede p\u00e5begyndt Ydelse, og arbejdet allerede er p\u00e5begyndt, kan Ydelsesudbyderen fakturere den del af arbejdet, der er udf\u00f8rt i henhold til f\u00e6rdigg\u00f8relsesgraden.<\/li>\n<\/ul>\n<\/li>\n<\/ul>\n\n\n\n<p>3.3. Hvis en person eller enhed bestiller Tjenesten som repr\u00e6sentant for en anden virksomhed eller kunde, og hvis denne tredjepart senere ikke betaler den faktura, der f\u00f8lger af Tjenesten, betragtes den part, der faktisk bestilte Tjenesten, som Abonnent, og retten til at fakturere overdrages til denne part. <\/p>\n\n\n\n<h2 class=\"wp-block-heading\">4. Ret til at bruge materiale leveret af kunden &nbsp;<\/h2>\n\n\n\n<p>4.1. For at Tjenesteudbyderen kan levere Service af h\u00f8j kvalitet til sine Kunder, giver Kunden Tjenesteudbyderen fuld adgang til Kundens Materiale i forbindelse med produktionen af Tjenesten.<\/p>\n\n\n\n<h2 class=\"wp-block-heading\">5. Ret til at bruge det materiale, der er produceret for kunden<\/h2>\n\n\n\n<p>5.1. Ejerskabet af det materiale, der produceres af Serviceudbyderen, opst\u00e5r for Kunden, efter at Serviceydelsen er betalt fuldt ud i overensstemmelse med betalingsbetingelserne. Tjenesteudbyderen forbeholder sig retten til at bruge materialer, der er oprettet under Tjenesten.<\/p>\n\n\n\n<p>5.2. Tjenesteudbyderen har ret til at bruge Kundens logo og navn samt materialer produceret gennem Tjenesten som referencer, medmindre Kunden specifikt forbyder brug af referencer ved at underrette Tjenesteudbyderen skriftligt.<\/p>\n\n\n\n<h2 class=\"wp-block-heading\">6. Brug af materiale uden ejendomsret<\/h2>\n\n\n\n<p>6.1. Kunden har ikke ret til at bruge det af Tjenesteudbyderen producerede materiale, f\u00f8r materialet er betalt i overensstemmelse med betalingsbetingelserne.<\/p>\n\n\n\n<p>6.2. Hvis materialet anvendes uden tilladelse, har Serviceudbyderen ret til at s\u00f8ge erstatning for den uautoriserede brug af Materialet og til at fakturere det bel\u00f8b, der er aftalt for kontraktbrud.<\/p>\n\n\n\n<h2 class=\"wp-block-heading\">7. Kontraktbrud<\/h2>\n\n\n\n<p>Kunden forpligter sig til at betale Serviceudbyderen \u20ac500 som kontraktbrud, hvis han overtr\u00e6der nogen af vilk\u00e5rene i denne aftale.<\/p>\n\n\n\n<h2 class=\"wp-block-heading\">8. Forsikring og erstatningsansvar<\/h2>\n\n\n\n<p>8.1. Kunden erkl\u00e6rer og garanterer, at (a) denne har alle n\u00f8dvendige rettigheder til at bruge, udnytte og distribuere Kundemateriale til Tjenesteudbyderen i overensstemmelse med disse Vilk\u00e5r og Betingelser, og (b) Kundemateriale ikke kr\u00e6nker nogen tredjeparts rettigheder.<\/p>\n\n\n\n<p>8.2. Kunden er ansvarlig for alle omkostninger og krav og p\u00e5stande, der frems\u00e6ttes mod Tjenesteudbyderen eller dennes tilknyttede selskaber, som direkte eller indirekte stammer fra Kundens Materiale eller Kundens brud p\u00e5 disse Vilk\u00e5r. Tjenesteudbyderen har ret til at forsvare sig mod ovenn\u00e6vnte krav, hvis denne \u00f8nsker det.<\/p>\n\n\n\n<p>8.3. Hvis Kunden foretager \u00e6ndringer i Serviceudbyderens materiale, er Kunden ansvarlig for de foretagne \u00e6ndringer.<\/p>\n\n\n\n<h2 class=\"wp-block-heading\">9. Ansvarsbegr\u00e6nsning<\/h2>\n\n\n\n<p>9.1. Kunden bruger Tjenesten p\u00e5 egen risiko, Tjenesten leveres som den er, og Tjenesteudbyderen afgiver ingen erkl\u00e6ringer eller garantier vedr\u00f8rende Tjenesten, resultaterne af Tjenesten, ikke-kr\u00e6nkelse af tredjeparts rettigheder eller andet.<\/p>\n\n\n\n<p>9.2. Serviceudbyderen er ikke ansvarlig over for Kunden for direkte eller indirekte skader, hvis Kunden anses for ansvarlig i henhold til loven, f.eks. for spredning af ukorrekte oplysninger, eller hvis en tredjepart sags\u00f8ger Kunden for at offentligg\u00f8re materiale produceret via Tjenesten.<\/p>\n\n\n\n<p>9.3. Tjenesteudbyderens maksimale ansvar over for Kunden er halvtreds euro.<\/p>\n\n\n\n<h2 class=\"wp-block-heading\">10. Force majeure<\/h2>\n\n\n\n<p>Tjenesteudbyderen har ret til at udskyde leveringsdatoen, opsige kontrakten eller \u00e6ndre Tjenesten uden at p\u00e5drage sig sanktioner for Tjenesteudbyderen, hvis denne forhindres i at udf\u00f8re sin virksomhed af en \u00e5rsag, som Tjenesteudbyderen ikke havde nogen grund til at tage i betragtning ved indg\u00e5elsen af kontrakten, og som er uafh\u00e6ngig af denne. En s\u00e5dan begivenhed kan blandt andet omfatte krig, opr\u00f8r, interne uroligheder, tvungen beslagl\u00e6ggelse eller beslagl\u00e6ggelse foretaget af en myndighed til offentlig brug, import- eller eksportforbud, naturkatastrofe, afbrydelse af offentlig transport eller energidistribution, leverand\u00f8rforsinkelse, arbejdskonflikt eller brand eller anden lige s\u00e5 v\u00e6sentlig \u00e5rsag uden for Serviceudbyderens kontrol.<\/p>\n\n\n\n<h2 class=\"wp-block-heading\">11. Overf\u00f8rsel<\/h2>\n\n\n\n<p>11.1. Kunden m\u00e5 ikke overdrage disse Vilk\u00e5r eller aftalen mellem parterne uden forudg\u00e5ende skriftlig samtykke fra Serviceudbyderen. Tjenesteudbyderen kan overf\u00f8re Vilk\u00e5rene og Betingelserne samt aftalen mellem parterne til en tredjepart.<\/p>\n\n\n\n<p>11.2. Det faktum, at en Part i disse Vilk\u00e5r undlader at ud\u00f8ve sin ret i henhold til disse Vilk\u00e5r, begr\u00e6nser ikke partens ret til at p\u00e5ber\u00e5be sig denne eller nogen anden rettighed i lignende tilf\u00e6lde p\u00e5 et senere tidspunkt.<\/p>\n\n\n\n<h2 class=\"wp-block-heading\">12. Gyldighed<\/h2>\n\n\n\n<p>Disse servicevilk\u00e5r er gyldige fra kontraktforholdets begyndelse (n\u00e5r ordren er bekr\u00e6ftet). Vilk\u00e5rene g\u00e6lder, s\u00e5 l\u00e6nge Tjenesten anvendes.<\/p>\n\n\n\n<h2 class=\"wp-block-heading\">13. G\u00e6ldende lov og tvistbil\u00e6ggelse<\/h2>\n\n\n\n<p>Disse vilk\u00e5r og betingelser og aftalen mellem parterne er underlagt finsk lov, eksklusive dens bestemmelser om lovvalgsregler. Alle tvister, der m\u00e5tte opst\u00e5 som f\u00f8lge af disse vilk\u00e5r eller aftalen mellem parterne, skal endeligt afg\u00f8res ved voldgift i overensstemmelse med reglerne for Voldgiftsn\u00e6vnet ved Centralhandelskammeret, best\u00e5ende af en enkelt voldgiftsmand. Voldgiftsstedet skal v\u00e6re Helsinki, og behandlingssproget skal v\u00e6re finsk, eller hvis den anden part ikke er et finsk selskab, skal behandlingssproget v\u00e6re engelsk. Den kendelse, som voldgiftsmanden afsiger, er endelig, bindende for begge parter og kan h\u00e5ndh\u00e6ves af enhver kompetent domstol. Parten har ret til at ans\u00f8ge om en midlertidig beskyttelsesforanstaltning.\u00a0<\/p>\n\n\n\n<p><strong>\u00c6ndringshistorik:<\/strong><\/p>\n\n\n\n<p>21. februar 2025 \u2013 tilf\u00f8jet afsnit 3.3.<\/p>","protected":false},"excerpt":{"rendered":"<p>1.&nbsp;Yleist\u00e4 1.1 N\u00e4m\u00e4 yleiset k\u00e4ytt\u00f6ehdot (j\u00e4ljemp\u00e4n\u00e4 \u201cEhdot\u201d) koskevat Oy Visu24 Ltd (j\u00e4ljemp\u00e4n\u00e4 \u201cPalveluntarjoaja\u201d) tarjoaman palvelun &nbsp;(\u201cPalvelu\u201d) k\u00e4ytt\u00f6\u00e4. Palvelu voi sis\u00e4lt\u00e4\u00e4 asiakkaan (j\u00e4ljemp\u00e4n\u00e4 \u201cAsiakas\u201d) rakennuskohteen, tai muun objektin 3D-visualisoinnin, digistailauksen, virtuaalikierroksen, dronekuvauksen, 360-kuvan, animaation, 2D- tai 3D-pohjakuvat tai muun visuaalisen tuotteen, joka on listattu Palveluntarjoajan nettisivuille. Asiakas ja Palveluntarjoaja sopivat Palvelun sis\u00e4ll\u00f6st\u00e4 tarkemmin yhdess\u00e4 kunkin tilauksen [&hellip;]<\/p>\n","protected":false},"author":2,"featured_media":0,"parent":0,"menu_order":0,"comment_status":"closed","ping_status":"closed","template":"","meta":{"footnotes":""},"class_list":["post-4181","page","type-page","status-publish","hentry"],"_links":{"self":[{"href":"https:\/\/visu24.com\/da\/wp-json\/wp\/v2\/pages\/4181","targetHints":{"allow":["GET"]}}],"collection":[{"href":"https:\/\/visu24.com\/da\/wp-json\/wp\/v2\/pages"}],"about":[{"href":"https:\/\/visu24.com\/da\/wp-json\/wp\/v2\/types\/page"}],"author":[{"embeddable":true,"href":"https:\/\/visu24.com\/da\/wp-json\/wp\/v2\/users\/2"}],"replies":[{"embeddable":true,"href":"https:\/\/visu24.com\/da\/wp-json\/wp\/v2\/comments?post=4181"}],"version-history":[{"count":4,"href":"https:\/\/visu24.com\/da\/wp-json\/wp\/v2\/pages\/4181\/revisions"}],"predecessor-version":[{"id":4519,"href":"https:\/\/visu24.com\/da\/wp-json\/wp\/v2\/pages\/4181\/revisions\/4519"}],"wp:attachment":[{"href":"https:\/\/visu24.com\/da\/wp-json\/wp\/v2\/media?parent=4181"}],"curies":[{"name":"wp","href":"https:\/\/api.w.org\/{rel}","templated":true}]}}